{"id":5132,"date":"2025-08-20T17:02:34","date_gmt":"2025-08-20T17:02:34","guid":{"rendered":"https:\/\/www.inextremis-aventura.fr\/argeles-sur-mer-canyoning-pyrenees-orientales-66\/"},"modified":"2025-11-24T15:06:45","modified_gmt":"2025-11-24T15:06:45","slug":"argeles-sur-mer-canyoning-pyrenees-orientales-66","status":"publish","type":"page","link":"https:\/\/www.inextremis-aventura.fr\/en\/argeles-sur-mer-canyoning-pyrenees-orientales-66\/","title":{"rendered":"Argeles sur Mer Canyoning &#8211; Pyrenees Orientales (66)"},"content":{"rendered":"<div class=\"wpb-content-wrapper\"><p>[vc_row full_width=&#8221;stretch_row_content_no_spaces&#8221; content_placement=&#8221;middle&#8221; css=&#8221;.vc_custom_1669811282596{background-color: #fb2056 !important;}&#8221; el_class=&#8221;barre&#8221;][vc_column width=&#8221;1\/3&#8243; offset=&#8221;vc_hidden-md vc_hidden-sm vc_hidden-xs&#8221;][vc_column_text css=&#8221;.vc_custom_1673177552935{margin-left: 20px !important;}&#8221;]<a href=\"https:\/\/www.inextremis-aventura.fr\/en\/contact-us\/\"><strong><img loading=\"lazy\" decoding=\"async\" class=\"alignnone wp-image-8222\" src=\"https:\/\/www.inextremis-aventura.fr\/wp-content\/uploads\/2022\/12\/icone-mail.png\" alt=\"info@inextremis-aventura.com\" width=\"38\" height=\"25\"> Contact-us !<\/strong><\/a>[\/vc_column_text][\/vc_column][vc_column width=&#8221;1\/3&#8243; offset=&#8221;vc_hidden-md vc_col-sm-offset-0 vc_hidden-sm vc_hidden-xs&#8221;][vc_column_text]<strong><img loading=\"lazy\" decoding=\"async\" class=\"alignnone wp-image-8218\" src=\"https:\/\/www.inextremis-aventura.fr\/wp-content\/uploads\/2022\/12\/icone-tel.png\" alt=\"+33980850565\" width=\"25\" height=\"25\"> +33 980 850 565<\/strong>[\/vc_column_text][\/vc_column][vc_column width=&#8221;1\/3&#8243;][vc_column_text css=&#8221;.vc_custom_1670693987954{margin-left: 20px !important;}&#8221;]<strong><img loading=\"lazy\" decoding=\"async\" class=\"alignnone wp-image-8213\" src=\"https:\/\/www.inextremis-aventura.fr\/wp-content\/uploads\/2022\/12\/icone-mobile.png\" alt=\"+33629564036\" width=\"15\" height=\"25\">  +33 629 564 036<\/strong>[\/vc_column_text][\/vc_column][\/vc_row][vc_row row_type=&#8221;section&#8221; type=&#8221;full_width&#8221; text_align=&#8221;left&#8221; video=&#8221;&#8221; padding=&#8221;2&#8243; padding_top=&#8221;20&#8243; css=&#8221;.vc_custom_1637325127583{padding-top: 2px !important;padding-right: 2px !important;padding-bottom: 2px !important;padding-left: 2px !important;}&#8221;][vc_column][vc_column_text css=&#8221;&#8221; el_class=&#8221;sous-titres&#8221;]<\/p>\n<h2>Discover canyoning near Argel\u00e8s-sur-Mer, just a few kilometers from the beaches of the Catalan coast in the Pyr\u00e9n\u00e9es-Orientales. Only 28 km from Argel\u00e8s-sur-Mer, we offer two canyons in C\u00e9ret: the Gourg des Anelles or the Cascades de Baoussous, and a family-friendly canyon, the Terme Inf\u00e9rieur in Am\u00e9lie-les-Bains, open to children from 8 years old.<\/h2>\n<p>[\/vc_column_text][vc_column_text]<\/p>\n<h3>The Canyons closest to Argel\u00e8s sur Mer<\/h3>\n<p>Only 40 minutes from Argel\u00e8s sur Mer&#8230;<br \/>\nThe Canig\u00f3 and Alb\u00e8res massif offers a multitude of aquatic playgrounds near where you live and allows you to taste this activity for half a day. To discover our different canyoning outings in C\u00e9ret, which are the closest canyons to Argel\u00e8s sur Mer. Consult the different pages of our canyons or call us, we will organize the appropriate canyoning outing for your level either at the Lower Terme with toddlers (8 years old) in Am\u00e9lie les Bains, at the Baoussous Canyon (10 years old) or at the canyon Le Gourg des Anelles (12 years old) in C\u00e9ret&#8230;[\/vc_column_text][\/vc_column][\/vc_row][vc_row][vc_column width=&#8221;1\/3&#8243;][vc_single_image image=&#8221;2791&#8243; img_size=&#8221;full&#8221; alignment=&#8221;center&#8221; css=&#8221;&#8221;][vc_column_text css=&#8221;&#8221;]<\/p>\n<h3>Family Canyoning Term inferior to Am\u00e9lie-les-Bains<\/h3>\n<p>Discover canyoning with your family in the form of a water hike in the Gorges du Terme and Mondony in Am\u00e9lie-les-Bains, accompanied by a French state-certified instructor. Water hikes are a great way to discover canyoning as a family.<br \/>\nThis activity involves no major challenges, other than navigating the river and making jumps, all of which can be avoided. There are seven progressive jumps in total, with an 8-meter option for the most daring and agile. A huge 15-meter slide opens the gorge.<br \/>\nThe descent is enhanced by a discovery of the geology and wildlife of the mountain torrents.<br \/>\nHere too, the erosion of the Terme and Mondony rivers has created its masterpiece, shaping immense blocks of granite and schist in this Mediterranean-style valley. Only 40 minutes from the beaches of Argel\u00e8s sur Mer, Saint Cyprien, Collioure and just 1 hour from Canet Plages and Banyuls sur Mer&#8230;.    <\/p>\n<p>&nbsp;<\/p>\n<p style=\"text-align: center;\"><a class=\"myButton\" title=\"Family Canyoning Term inferior to Am\u00e9lie-les-Bains\" href=\"https:\/\/www.inextremis-aventura.fr\/en\/activities\/terme-inferior-family-canyoning-trip\/\">More details<\/a><\/p>\n<p>[\/vc_column_text][\/vc_column][vc_column width=&#8221;1\/3&#8243;][vc_single_image image=&#8221;4414&#8243; img_size=&#8221;full&#8221; alignment=&#8221;center&#8221; css=&#8221;&#8221;][vc_column_text css=&#8221;&#8221;]<\/p>\n<h3>Cascades de Baoussous Canyoning Trip in C\u00e9ret<\/h3>\n<p>Discover Canyoning in Baoussous in C\u00e9ret en Vallespir in the Pyrenees Orientales in the company of a professional canyon instructor certified by the French state.<br \/>\nWhat could be better than discovering canyoning by practicing it on a 1\/2 day in the Gorges des Cascades de Baoussous in C\u00e9ret in the Pyrenees Orientales in Vallespir, a few kilometers from Perpignan and the seaside resorts of Barcar\u00e8s, Canet en Roussillon, from Leucate, Argel\u00e8s sur Mer, Collioure, St Cyprien, Banyuls sur Mer and Cerb\u00e8re\u2026 .<br \/>\nThis canyon, because of its environment, is exceptional with its multitude of small abseils and slides that are available to you during its descent.<br \/>\nIt allows you to learn about the operation and use of waterfall ropes in its calm waters.<br \/>\nThis canyon without high flow is favored during spring and early summer where the flow offers a level of quality practice.<\/p>\n<p>&nbsp;<\/p>\n<p style=\"text-align: center;\"><a class=\"myButton\" title=\"Cascades de Baoussous Canyoning Trip in C\u00e9ret\" href=\"https:\/\/www.inextremis-aventura.fr\/en\/activities\/cascades-de-baousous-canyoning\/\">More details<\/a><\/p>\n<p>[\/vc_column_text][\/vc_column][vc_column width=&#8221;1\/3&#8243;][vc_single_image image=&#8221;2100&#8243; img_size=&#8221;full&#8221; alignment=&#8221;center&#8221; css=&#8221;&#8221;][vc_column_text css=&#8221;&#8221;]<\/p>\n<h3>Gourg des Anelles Canyoning Trip in Ceret<\/h3>\n<p>Discover Canyoning at the Gourg des Anelles in C\u00e9ret en Vallespir in the Pyrenees Orientales in the company of a professional canyon instructor certified by the French state.<br \/>\nCanyon descent in bubbling waves and the glossy slides of the Anelles located in the Alb\u00e8res massif in C\u00e9ret, in the eastern Pyrenees (66), not far from Perpignan, Argeles sur Mer, Saint Cyprien, Collioure, Banyuls sur Mer, Cerbere and seaside resorts.<br \/>\nJump into the void, land in basins of water..<br \/>\nThe Anelles canyon is a sports initiation canyon which has jumps varying between 4 and 7 meters, slides and two waterfalls of 26 and 16 meters, and many other obstacles to overcome.<br \/>\nInextremis Aventura once again offers you a passport to sporting achievement.<br \/>\nAn adventure within everyone&#8217;s reach&#8230;<\/p>\n<p>&nbsp;<\/p>\n<p style=\"text-align: center;\"><a class=\"myButton\" title=\"Gourg des Anelles Canyoning Trip in Ceret\" href=\"https:\/\/www.inextremis-aventura.fr\/en\/activities\/gourg-des-anelles-canyoning-ceret-pyrenees-orientales\/\">More details<\/a><\/p>\n<p>[\/vc_column_text][\/vc_column][\/vc_row][vc_row el_class=&#8221;blanc&#8221; css=&#8221;.vc_custom_1637325136839{padding-top: 10px !important;padding-right: 10px !important;padding-bottom: 10px !important;padding-left: 10px !important;background-color: #0066bf !important;}&#8221;][vc_column][vc_column_text css=&#8221;&#8221; el_class=&#8221;blanc&#8221;]<\/p>\n<h3>How are our canyoning trips going?<\/h3>\n<p><strong>All our half-day canyoning trips take place either in the morning or early afternoon.<br \/>\nEquipment provided: reinforced suit, helmet, harness, lanyards, carabiners and descender).<br \/>\nFree provision of shoes (from size 36).<br \/>\nTransportation to the canyon from the meeting point is done with your own vehicle to the canyon exit parking lot (usually the lower part).<br \/>\nA minibus shuttle to the upper part of the canyon is provided when possible, avoiding the often very strenuous climb back up at the end of the activity.<\/strong>[\/vc_column_text][\/vc_column][\/vc_row][vc_row][vc_column width=&#8221;1\/2&#8243;][vc_gallery interval=&#8221;3&#8243; source=&#8221;external_link&#8221; css=&#8221;&#8221; custom_srcs=&#8221;#E-8_aHR0cHMlM0ElMkYlMkZ3d3cuaW5leHRyZW1pcy1hdmVudHVyYS5mciUyRndwLWNvbnRlbnQlMkZ1cGxvYWRzJTJGMjAyMSUyRjExJTJGYXJnZWxlcy1zdXItbWVyMDEuanBnJTJDaHR0cHMlM0ElMkYlMkZ3d3cuaW5leHRyZW1pcy1hdmVudHVyYS5mciUyRndwLWNvbnRlbnQlMkZ1cGxvYWRzJTJGMjAyMSUyRjExJTJGYXJnZWxlcy1zdXItbWVyMDIuanBn&#8221;][\/vc_column][vc_column width=&#8221;1\/2&#8243;][vc_column_text css=&#8221;&#8221;]<\/p>\n<h4><strong>Argeles sur Mer in a Few Words\u2026<\/strong><\/h4>\n<p>At the foot of the Alb\u00e8res mountain, at the gates of Roussillon, on the shores of the Mediterranean Sea, is Argel\u00e8s sur Mer, a seaside resort known for its immense beaches (7 km) and exceptional fine sands, 3 kilometers of rocky coast, a seaside resort which benefits from the blue flag for its beaches and its marina.<br \/>\n<strong>Sights to see:<\/strong><br \/>\n\u2013 Two nature reserves: Mas Larrieu by the sea and the Massane forest in the heart of the Alb\u00e8res mountains<br \/>\n\u2013 The Casa des Alb\u00e8res (Alb\u00e8res House)<br \/>\n\u2013 The Museum of Folk Arts and Traditions<br \/>\n\u2013 The Pujol Tower (12th century) and the Massane Tower (13th century)<br \/>\n\u2013 The Valmy Castle Park<\/p>\n<p><strong>To do:<\/strong><br \/>\n\u2013 Canyoning in Vallespir 40 minutes from Argel\u00e8s sur Mer[\/vc_column_text][\/vc_column][\/vc_row]<\/p>\n<\/div>","protected":false},"excerpt":{"rendered":"<p>[vc_row full_width=&#8221;stretch_row_content_no_spaces&#8221; content_placement=&#8221;middle&#8221; css=&#8221;.vc_custom_1669811282596{background-color: #fb2056 !important;}&#8221; el_class=&#8221;barre&#8221;][vc_column width=&#8221;1\/3&#8243; offset=&#8221;vc_hidden-md vc_hidden-sm vc_hidden-xs&#8221;][vc_column_text css=&#8221;.vc_custom_1673177552935{margin-left: 20px !important;}&#8221;] Contact-us ![\/vc_column_text][\/vc_column][vc_column width=&#8221;1\/3&#8243; offset=&#8221;vc_hidden-md vc_col-sm-offset-0 vc_hidden-sm vc_hidden-xs&#8221;][vc_column_text] +33 980 850 565[\/vc_column_text][\/vc_column][vc_column width=&#8221;1\/3&#8243;][vc_column_text css=&#8221;.vc_custom_1670693987954{margin-left: 20px !important;}&#8221;] +33 629 564 036[\/vc_column_text][\/vc_column][\/vc_row][vc_row row_type=&#8221;section&#8221; type=&#8221;full_width&#8221; text_align=&#8221;left&#8221; video=&#8221;&#8221; padding=&#8221;2&#8243; padding_top=&#8221;20&#8243; css=&#8221;.vc_custom_1637325127583{padding-top: 2px !important;padding-right: 2px !important;padding-bottom: 2px !important;padding-left: 2px !important;}&#8221;][vc_column][vc_column_text css=&#8221;&#8221; el_class=&#8221;sous-titres&#8221;] Discover canyoning near Argel\u00e8s-sur-Mer, just [&hellip;]<\/p>\n","protected":false},"author":1,"featured_media":2693,"parent":0,"menu_order":0,"comment_status":"closed","ping_status":"closed","template":"","meta":{"_acf_changed":false,"_seopress_robots_primary_cat":"","_seopress_titles_title":"Argeles sur Mer Canyoning - Pyrenees Orientales (66)","_seopress_titles_desc":"Go canyoning in C\u00e9ret, just 30 minutes from Argel\u00e8s sur Mer, in an exceptional natural environment.","_seopress_robots_index":"","site-sidebar-layout":"no-sidebar","site-content-layout":"plain-container","ast-site-content-layout":"default","site-content-style":"default","site-sidebar-style":"default","ast-global-header-display":"","ast-banner-title-visibility":"","ast-main-header-display":"","ast-hfb-above-header-display":"","ast-hfb-below-header-display":"","ast-hfb-mobile-header-display":"","site-post-title":"disabled","ast-breadcrumbs-content":"","ast-featured-img":"disabled","footer-sml-layout":"","ast-disable-related-posts":"","theme-transparent-header-meta":"default","adv-header-id-meta":"","stick-header-meta":"default","header-above-stick-meta":"","header-main-stick-meta":"","header-below-stick-meta":"","astra-migrate-meta-layouts":"set","ast-page-background-enabled":"default","ast-page-background-meta":{"desktop":{"background-color":"var(--ast-global-color-4)","background-image":"","background-repeat":"repeat","background-position":"center center","background-size":"auto","background-attachment":"scroll","background-type":"","background-media":"","overlay-type":"","overlay-color":"","overlay-opacity":"","overlay-gradient":""},"tablet":{"background-color":"","background-image":"","background-repeat":"repeat","background-position":"center center","background-size":"auto","background-attachment":"scroll","background-type":"","background-media":"","overlay-type":"","overlay-color":"","overlay-opacity":"","overlay-gradient":""},"mobile":{"background-color":"","background-image":"","background-repeat":"repeat","background-position":"center center","background-size":"auto","background-attachment":"scroll","background-type":"","background-media":"","overlay-type":"","overlay-color":"","overlay-opacity":"","overlay-gradient":""}},"ast-content-background-meta":{"desktop":{"background-color":"var(--ast-global-color-5)","background-image":"","background-repeat":"repeat","background-position":"center center","background-size":"auto","background-attachment":"scroll","background-type":"","background-media":"","overlay-type":"","overlay-color":"","overlay-opacity":"","overlay-gradient":""},"tablet":{"background-color":"var(--ast-global-color-5)","background-image":"","background-repeat":"repeat","background-position":"center center","background-size":"auto","background-attachment":"scroll","background-type":"","background-media":"","overlay-type":"","overlay-color":"","overlay-opacity":"","overlay-gradient":""},"mobile":{"background-color":"var(--ast-global-color-5)","background-image":"","background-repeat":"repeat","background-position":"center center","background-size":"auto","background-attachment":"scroll","background-type":"","background-media":"","overlay-type":"","overlay-color":"","overlay-opacity":"","overlay-gradient":""}},"footnotes":""},"class_list":["post-5132","page","type-page","status-publish","has-post-thumbnail","hentry"],"acf":[],"_links":{"self":[{"href":"https:\/\/www.inextremis-aventura.fr\/en\/wp-json\/wp\/v2\/pages\/5132","targetHints":{"allow":["GET"]}}],"collection":[{"href":"https:\/\/www.inextremis-aventura.fr\/en\/wp-json\/wp\/v2\/pages"}],"about":[{"href":"https:\/\/www.inextremis-aventura.fr\/en\/wp-json\/wp\/v2\/types\/page"}],"author":[{"embeddable":true,"href":"https:\/\/www.inextremis-aventura.fr\/en\/wp-json\/wp\/v2\/users\/1"}],"replies":[{"embeddable":true,"href":"https:\/\/www.inextremis-aventura.fr\/en\/wp-json\/wp\/v2\/comments?post=5132"}],"version-history":[{"count":3,"href":"https:\/\/www.inextremis-aventura.fr\/en\/wp-json\/wp\/v2\/pages\/5132\/revisions"}],"predecessor-version":[{"id":5136,"href":"https:\/\/www.inextremis-aventura.fr\/en\/wp-json\/wp\/v2\/pages\/5132\/revisions\/5136"}],"wp:featuredmedia":[{"embeddable":true,"href":"https:\/\/www.inextremis-aventura.fr\/en\/wp-json\/wp\/v2\/media\/2693"}],"wp:attachment":[{"href":"https:\/\/www.inextremis-aventura.fr\/en\/wp-json\/wp\/v2\/media?parent=5132"}],"curies":[{"name":"wp","href":"https:\/\/api.w.org\/{rel}","templated":true}]}}