{"id":4682,"date":"2025-10-03T16:27:43","date_gmt":"2025-10-03T16:27:43","guid":{"rendered":"https:\/\/www.inextremis-aventura.fr\/barranquisme-vallespir-pirineus-orientals\/"},"modified":"2025-11-24T14:48:25","modified_gmt":"2025-11-24T14:48:25","slug":"vallespir-canyoning","status":"publish","type":"page","link":"https:\/\/www.inextremis-aventura.fr\/en\/vallespir-canyoning\/","title":{"rendered":"Vallespir Canyoning &#8211; Pyrenees Orientales"},"content":{"rendered":"<div class=\"wpb-content-wrapper\"><p>[vc_row full_width=&#8221;stretch_row_content_no_spaces&#8221; content_placement=&#8221;middle&#8221; css=&#8221;.vc_custom_1669811282596{background-color: #fb2056 !important;}&#8221; el_class=&#8221;barre&#8221;][vc_column width=&#8221;1\/3&#8243; offset=&#8221;vc_hidden-md vc_hidden-sm vc_hidden-xs&#8221;][vc_column_text css=&#8221;.vc_custom_1673177552935{margin-left: 20px !important;}&#8221;]<a href=\"https:\/\/www.inextremis-aventura.fr\/en\/contact-us\/\"><strong><img loading=\"lazy\" decoding=\"async\" class=\"alignnone wp-image-8222\" src=\"https:\/\/www.inextremis-aventura.fr\/wp-content\/uploads\/2022\/12\/icone-mail.png\" alt=\"info@inextremis-aventura.com\" width=\"38\" height=\"25\" \/> Contact-us !<\/strong><\/a>[\/vc_column_text][\/vc_column][vc_column width=&#8221;1\/3&#8243; offset=&#8221;vc_hidden-md vc_col-sm-offset-0 vc_hidden-sm vc_hidden-xs&#8221;][vc_column_text]<strong><img loading=\"lazy\" decoding=\"async\" class=\"alignnone wp-image-8218\" src=\"https:\/\/www.inextremis-aventura.fr\/wp-content\/uploads\/2022\/12\/icone-tel.png\" alt=\"+33980850565\" width=\"25\" height=\"25\" \/> 09 80 85 05 65<\/strong>[\/vc_column_text][\/vc_column][vc_column width=&#8221;1\/3&#8243;][vc_column_text css=&#8221;.vc_custom_1670693987954{margin-left: 20px !important;}&#8221;]<strong><img loading=\"lazy\" decoding=\"async\" class=\"alignnone wp-image-8213\" src=\"https:\/\/www.inextremis-aventura.fr\/wp-content\/uploads\/2022\/12\/icone-mobile.png\" alt=\"+33629564036\" width=\"15\" height=\"25\" \/> 06 29 56 40 36<\/strong>[\/vc_column_text][\/vc_column][\/vc_row][vc_row row_type=&#8221;section&#8221; type=&#8221;full_width&#8221; text_align=&#8221;left&#8221; video=&#8221;&#8221; background_color=&#8221;#ffffff&#8221; border_color=&#8221;#ffffff&#8221; padding_top=&#8221;20&#8243; css=&#8221;.vc_custom_1638723685310{margin-top: 20px !important;margin-right: 20px !important;margin-bottom: 20px !important;margin-left: 20px !important;padding-top: 2px !important;padding-right: 2px !important;padding-bottom: 2px !important;padding-left: 2px !important;}&#8221;][vc_column][vc_column_text css=&#8221;&#8221; el_class=&#8221;sous-titres&#8221;]<\/p>\n<h2>Discover canyoning in Vallespir in the Pyr\u00e9n\u00e9es Orientales (66), at the Gourg des Anelles, the Cascades of Baoussous in Ceret, at the Mas Calsan in Reynes and the Terme Inferior in Amelie les Bains&#8230;<\/h2>\n<p>[\/vc_column_text][vc_column_text]Vallespir is a region in the Pyr\u00e9n\u00e9es-Orientales department where you&#8217;ll find four canyons offering opportunities to discover canyoning, whether as an introductory experience or a more challenging adventure.<br \/>\nThe Alb\u00e8res massif, near C\u00e9ret, features two parallel valleys where canyons have been carved over time.<br \/>\nThe Gourg des Anelles canyon in C\u00e9ret (Gorges of the Rings) is the most enclosed section of the Vailli\u00e8re river, which originates at the foot of the &#8220;Roc del Pou de la Neu&#8221; (The Rock of the Snow Well), where the inhabitants of C\u00e9ret used to collect ice to bring down to the village and sell. It is overlooked by the &#8220;Pic de Font Freda&#8221; (Peak of the Cold Fountain), which features a very large water catchment basin that supplies the canyon with water year-round, making it aquatic. The canyon&#8217;s distinctive features are the narrowness of its gorges, which are less than 1 meter wide in places, its three large pools (natural swimming holes) that must be crossed by swimming, and its two large waterfalls (16 and 26 meters).<\/p>\n<p>The Baoussous waterfalls canyon in C\u00e9ret, known as &#8220;Salt dels Bussos&#8221; (Diver&#8217;s Leap), is the most enclosed section of the Noguer\u00e8da River (walnut grove). Traditionally, the inhabitants of C\u00e9ret would come to this spot to jump and dive (bussos) from the last waterfall, unknowingly practicing the early days of canyoning at the beginning of the last century. This canyon is perfectly suited for canyoning discovery days.<\/p>\n<p>The Canyon du mas Calsan in Reyn\u00e8s (jumps, rappels and slides) is also called the little Llech because of its diversity of obstacles, it is ideal for practicing the activity in the spring.<\/p>\n<p>The Terme inferior Canyon, a family-friendly aquatic hike, sliding and jumping.<\/p>\n<p>To discover our different canyoning trips, visit the technical pages of our different canyons or call us, we will organize a canyoning trip suitable for your level.<\/p>\n<p>These canyons are located just 30 minutes from Perpignan, 35 minutes from the seaside resorts of Argel\u00e8s-sur-Mer, Saint-Cyprien, and Collioure, and 45 minutes from Le Barcar\u00e8s and Canet-en-Roussillon, and 40 minutes from Roses in Spain. These four canyons are the closest to the beaches of the French and Spanish Catalan coast.[\/vc_column_text][\/vc_column][\/vc_row][vc_row][vc_column width=&#8221;1\/2&#8243;][vc_single_image image=&#8221;2502&#8243; img_size=&#8221;full&#8221; add_caption=&#8221;yes&#8221; alignment=&#8221;center&#8221; onclick=&#8221;custom_link&#8221; css=&#8221;&#8221; link=&#8221;https:\/\/www.inextremis-aventura.fr\/canyoning-pyrenees-orientales-demi-journee\/canyoning-cascades-baoussous-a-ceret\/&#8221;][vc_column_text css=&#8221;&#8221;]<\/p>\n<h3>Family Canyoning Term inferior Trip to Am\u00e9lie-les-Bains<\/h3>\n<p>Discover canyoning as a family with a water hike in the Gorges du Terme and du Mondony in Am\u00e9lie-les-Bains, accompanied by a French state-certified instructor. This water hike is the perfect way to experience canyoning as a family.<\/p>\n<p>This activity presents no major difficulties, other than navigating the river and performing jumps, all of which can be bypassed. There are a total of seven progressive jumps, with an 8-meter option for the most daring and agile. A huge 15-meter natural waterslide opens up the gorge.<br \/>\nThe descent is enhanced by an exploration of the geology and wildlife of mountain streams.<\/p>\n<p>Here too, the erosion caused by the waters of the Terme and Mondony rivers has created its masterpiece, sculpting immense blocks of granite and schist in this valley with its Mediterranean feel. Just 40 minutes from the beaches of Argel\u00e8s-sur-Mer, Saint-Cyprien, and Collioure, and only an hour from Canet-Plages and Banyuls-sur-Mer&#8230;<\/p>\n<p>&nbsp;<\/p>\n<p style=\"text-align: center;\"><a class=\"myButton\" title=\"Terme inferior Canyoning Trip in Amelie les Bains in the Pyrenees Orientales\" href=\"https:\/\/www.inextremis-aventura.fr\/en\/activities\/terme-inferior-family-canyoning-trip\/\">More details<\/a><\/p>\n<p>[\/vc_column_text][\/vc_column][vc_column width=&#8221;1\/2&#8243;][vc_single_image image=&#8221;4414&#8243; img_size=&#8221;full&#8221; add_caption=&#8221;yes&#8221; alignment=&#8221;center&#8221; onclick=&#8221;custom_link&#8221; css=&#8221;&#8221; link=&#8221;https:\/\/www.inextremis-aventura.fr\/canyoning-pyrenees-orientales-demi-journee\/canyoning-cascades-baoussous-a-ceret\/&#8221;][vc_column_text css=&#8221;&#8221;]<\/p>\n<h3>Cascades de Baoussous Canyoning Trip in C\u00e9ret<\/h3>\n<p>Discover canyoning in Baoussous, C\u00e9ret, Vallespir, in the Pyr\u00e9n\u00e9es-Orientales, accompanied by a professional, state-certified canyoning guide.<br \/>\nWhat better way to discover canyoning than with a half-day excursion in the Baoussous Gorges near C\u00e9ret, in the Vallespir region of the Pyr\u00e9n\u00e9es-Orientales?<br \/>\nThis canyon, with its exceptional setting, offers a multitude of small rappels and natural slides during the descent.<br \/>\nIt allows you to learn how to use ropes in waterfalls within its calm waters. This canyon, with its moderate flow, is best enjoyed during spring and early summer when the water level guarantees a high-quality experience.<\/p>\n<p>&nbsp;<\/p>\n<p style=\"text-align: center;\"><a class=\"myButton\" title=\"Cascades de Baoussous Canyoning Trip in C\u00e9ret\" href=\"https:\/\/www.inextremis-aventura.fr\/en\/activities\/cascades-de-baousous-canyoning\/\">More details<\/a><\/p>\n<p>[\/vc_column_text][\/vc_column][\/vc_row][vc_row][vc_column width=&#8221;1\/2&#8243;][vc_single_image image=&#8221;2690&#8243; img_size=&#8221;full&#8221; add_caption=&#8221;yes&#8221; alignment=&#8221;center&#8221; onclick=&#8221;custom_link&#8221; css=&#8221;&#8221; link=&#8221;https:\/\/www.inextremis-aventura.fr\/canyoning-pyrenees-orientales-demi-journee\/canyoning-gourg-des-anelles-ceret\/&#8221;][vc_column_text css=&#8221;&#8221;]<\/p>\n<h3>Gourg des Anelles Canyoning Trip in Ceret<\/h3>\n<p>Discover canyoning at the Gourg des Anelles in C\u00e9ret, Vallespir, in the Pyr\u00e9n\u00e9es-Orientales, accompanied by a professional, state-certified canyoning guide.<br \/>\nDescent into the rushing waters and gleaming natural slides of the Anelles canyon, located in the Alb\u00e8res massif near C\u00e9ret, in the Pyr\u00e9n\u00e9es-Orientales (66), not far from Argel\u00e8s-sur-Mer and the seaside resorts. Jump into the void, land in pools of water&#8230; The Anelles canyon is an introductory canyon featuring jumps ranging from 4 to 7 meters, natural slides, two waterfalls of 26 and 16 meters, and many other obstacles to overcome. Inextremis Aventura once again offers you a passport to sporting adventure in complete safety. An adventure accessible to all&#8230;<\/p>\n<p>&nbsp;<\/p>\n<p style=\"text-align: center;\"><a class=\"myButton\" title=\"Gourg des Anelles Canyoning Trip in Ceret\" href=\"https:\/\/www.inextremis-aventura.fr\/en\/activities\/gourg-des-anelles-canyoning-ceret-pyrenees-orientales\/\">More details<\/a><\/p>\n<p>[\/vc_column_text][\/vc_column][vc_column width=&#8221;1\/2&#8243;][vc_single_image image=&#8221;3936&#8243; img_size=&#8221;full&#8221; add_caption=&#8221;yes&#8221; alignment=&#8221;center&#8221; onclick=&#8221;custom_link&#8221; css=&#8221;&#8221; link=&#8221;https:\/\/www.inextremis-aventura.fr\/canyoning-pyrenees-orientales-demi-journee\/canyoning-cascades-baoussous-a-ceret\/&#8221;][vc_column_text css=&#8221;&#8221;]<\/p>\n<h3>Mas Calsan Canyoning Trip in Reyn\u00e8s<\/h3>\n<p>Discover canyoning in the Mas Calsan Gorges with a state-certified professional canyoning instructor in Reyn\u00e8s, Vallespir, in the Catalan Pyrenees.<br \/>\nA continuous series of waterfalls and natural slides, jumps, and rappels down open waterfalls and gullies, landing in crystal-clear pools, await you in the Mas Calsan canyon. Suitable for both beginners and experienced canyoners, this canyon guarantees exhilarating sliding sensations with its numerous natural slides and the thrill of its two large, successive waterfalls of 25 and 18 meters. It consists of two sections that can be completed in a single day. Ideally, take a lunch break at the end of the first section, allowing you to fully appreciate this wild and still unspoiled area.<\/p>\n<p>&nbsp;<\/p>\n<p style=\"text-align: center;\"><a class=\"myButton\" title=\"Mas Calsan Canyoning \u00e0Reyn\u00e8s\" href=\"https:\/\/www.inextremis-aventura.fr\/en\/activities\/mas-calsan-canyoning-trip\/\">More details<\/a><\/p>\n<p>[\/vc_column_text][\/vc_column][\/vc_row][vc_row row_type=&#8221;section&#8221; type=&#8221;full_width&#8221; text_align=&#8221;left&#8221; video=&#8221;&#8221; background_color=&#8221;#1e9944&#8243; border_color=&#8221;#1e9944&#8243; padding_top=&#8221;10&#8243; padding_bottom=&#8221;10&#8243; el_class=&#8221;blanc&#8221; css=&#8221;.vc_custom_1637323780492{padding-top: 10px !important;padding-right: 10px !important;padding-bottom: 10px !important;padding-left: 10px !important;background-color: #0066bf !important;}&#8221;][vc_column][vc_column_text]<\/p>\n<h3>How does it work ?<\/h3>\n<p>[\/vc_column_text][vc_column_text el_class=&#8221;textwhite&#8221;]All our half-day canyoning trips take place either in the morning, starting at 8:00 AM, or in the early afternoon, starting at 1:00 PM. Equipment provided: wetsuit, helmet, harness, lanyards, carabiners and descender, shoes (size 36 and up). You will be driven to the canyon from the meeting point in your own vehicle to the parking area at the canyon exit (usually the lower section). Whenever possible, a minibus shuttle will take you to the upper section of the canyon, saving you the often strenuous climb back up at the end of the activity.[\/vc_column_text][\/vc_column][\/vc_row][vc_row][vc_column][\/vc_column][\/vc_row]<\/p>\n<\/div>","protected":false},"excerpt":{"rendered":"<p>[vc_row full_width=&#8221;stretch_row_content_no_spaces&#8221; content_placement=&#8221;middle&#8221; css=&#8221;.vc_custom_1669811282596{background-color: #fb2056 !important;}&#8221; el_class=&#8221;barre&#8221;][vc_column width=&#8221;1\/3&#8243; offset=&#8221;vc_hidden-md vc_hidden-sm vc_hidden-xs&#8221;][vc_column_text css=&#8221;.vc_custom_1673177552935{margin-left: 20px !important;}&#8221;] Contact-us ![\/vc_column_text][\/vc_column][vc_column width=&#8221;1\/3&#8243; offset=&#8221;vc_hidden-md vc_col-sm-offset-0 vc_hidden-sm vc_hidden-xs&#8221;][vc_column_text] 09 80 85 05 65[\/vc_column_text][\/vc_column][vc_column width=&#8221;1\/3&#8243;][vc_column_text css=&#8221;.vc_custom_1670693987954{margin-left: 20px !important;}&#8221;] 06 29 56 40 36[\/vc_column_text][\/vc_column][\/vc_row][vc_row row_type=&#8221;section&#8221; type=&#8221;full_width&#8221; text_align=&#8221;left&#8221; video=&#8221;&#8221; background_color=&#8221;#ffffff&#8221; border_color=&#8221;#ffffff&#8221; padding_top=&#8221;20&#8243; css=&#8221;.vc_custom_1638723685310{margin-top: 20px !important;margin-right: 20px !important;margin-bottom: 20px !important;margin-left: 20px !important;padding-top: 2px !important;padding-right: 2px !important;padding-bottom: [&hellip;]<\/p>\n","protected":false},"author":1,"featured_media":2693,"parent":0,"menu_order":0,"comment_status":"closed","ping_status":"closed","template":"","meta":{"_acf_changed":false,"_seopress_robots_primary_cat":"","_seopress_titles_title":"%%post_title%%","_seopress_titles_desc":"Discover canyoning in Vallespir in the Pyr\u00e9n\u00e9es Orientales (66), at the Gourg des Anelles, the Cascades of Baoussous in Ceret, at the Mas Calsan in Reynes and the Terme Inferior in Amelie les Bains...","_seopress_robots_index":"","site-sidebar-layout":"no-sidebar","site-content-layout":"plain-container","ast-site-content-layout":"default","site-content-style":"default","site-sidebar-style":"default","ast-global-header-display":"","ast-banner-title-visibility":"","ast-main-header-display":"","ast-hfb-above-header-display":"","ast-hfb-below-header-display":"","ast-hfb-mobile-header-display":"","site-post-title":"disabled","ast-breadcrumbs-content":"","ast-featured-img":"disabled","footer-sml-layout":"","ast-disable-related-posts":"","theme-transparent-header-meta":"default","adv-header-id-meta":"","stick-header-meta":"default","header-above-stick-meta":"","header-main-stick-meta":"","header-below-stick-meta":"","astra-migrate-meta-layouts":"set","ast-page-background-enabled":"default","ast-page-background-meta":{"desktop":{"background-color":"var(--ast-global-color-4)","background-image":"","background-repeat":"repeat","background-position":"center center","background-size":"auto","background-attachment":"scroll","background-type":"","background-media":"","overlay-type":"","overlay-color":"","overlay-opacity":"","overlay-gradient":""},"tablet":{"background-color":"","background-image":"","background-repeat":"repeat","background-position":"center center","background-size":"auto","background-attachment":"scroll","background-type":"","background-media":"","overlay-type":"","overlay-color":"","overlay-opacity":"","overlay-gradient":""},"mobile":{"background-color":"","background-image":"","background-repeat":"repeat","background-position":"center center","background-size":"auto","background-attachment":"scroll","background-type":"","background-media":"","overlay-type":"","overlay-color":"","overlay-opacity":"","overlay-gradient":""}},"ast-content-background-meta":{"desktop":{"background-color":"var(--ast-global-color-5)","background-image":"","background-repeat":"repeat","background-position":"center center","background-size":"auto","background-attachment":"scroll","background-type":"","background-media":"","overlay-type":"","overlay-color":"","overlay-opacity":"","overlay-gradient":""},"tablet":{"background-color":"var(--ast-global-color-5)","background-image":"","background-repeat":"repeat","background-position":"center center","background-size":"auto","background-attachment":"scroll","background-type":"","background-media":"","overlay-type":"","overlay-color":"","overlay-opacity":"","overlay-gradient":""},"mobile":{"background-color":"var(--ast-global-color-5)","background-image":"","background-repeat":"repeat","background-position":"center center","background-size":"auto","background-attachment":"scroll","background-type":"","background-media":"","overlay-type":"","overlay-color":"","overlay-opacity":"","overlay-gradient":""}},"footnotes":""},"class_list":["post-4682","page","type-page","status-publish","has-post-thumbnail","hentry"],"acf":[],"_links":{"self":[{"href":"https:\/\/www.inextremis-aventura.fr\/en\/wp-json\/wp\/v2\/pages\/4682","targetHints":{"allow":["GET"]}}],"collection":[{"href":"https:\/\/www.inextremis-aventura.fr\/en\/wp-json\/wp\/v2\/pages"}],"about":[{"href":"https:\/\/www.inextremis-aventura.fr\/en\/wp-json\/wp\/v2\/types\/page"}],"author":[{"embeddable":true,"href":"https:\/\/www.inextremis-aventura.fr\/en\/wp-json\/wp\/v2\/users\/1"}],"replies":[{"embeddable":true,"href":"https:\/\/www.inextremis-aventura.fr\/en\/wp-json\/wp\/v2\/comments?post=4682"}],"version-history":[{"count":3,"href":"https:\/\/www.inextremis-aventura.fr\/en\/wp-json\/wp\/v2\/pages\/4682\/revisions"}],"predecessor-version":[{"id":5110,"href":"https:\/\/www.inextremis-aventura.fr\/en\/wp-json\/wp\/v2\/pages\/4682\/revisions\/5110"}],"wp:featuredmedia":[{"embeddable":true,"href":"https:\/\/www.inextremis-aventura.fr\/en\/wp-json\/wp\/v2\/media\/2693"}],"wp:attachment":[{"href":"https:\/\/www.inextremis-aventura.fr\/en\/wp-json\/wp\/v2\/media?parent=4682"}],"curies":[{"name":"wp","href":"https:\/\/api.w.org\/{rel}","templated":true}]}}