{"id":3486,"date":"2025-08-20T18:14:04","date_gmt":"2025-08-20T18:14:04","guid":{"rendered":"https:\/\/www.inextremis-aventura.fr\/?page_id=3486"},"modified":"2025-11-24T15:11:01","modified_gmt":"2025-11-24T15:11:01","slug":"banyuls-sur-mer-canyoning","status":"publish","type":"page","link":"https:\/\/www.inextremis-aventura.fr\/en\/banyuls-sur-mer-canyoning\/","title":{"rendered":"Banyuls sur Mer Canyoning &#8211; Pyrenees Orientales"},"content":{"rendered":"<div class=\"wpb-content-wrapper\"><p>[vc_row full_width=&#8221;stretch_row_content_no_spaces&#8221; content_placement=&#8221;middle&#8221; css=&#8221;.vc_custom_1669811282596{background-color: #fb2056 !important;}&#8221; el_class=&#8221;barre&#8221;][vc_column width=&#8221;1\/3&#8243; offset=&#8221;vc_hidden-md vc_hidden-sm vc_hidden-xs&#8221;][vc_column_text css=&#8221;.vc_custom_1673177552935{margin-left: 20px !important;}&#8221;]<a href=\"https:\/\/www.inextremis-aventura.fr\/en\/contact-us\/\"><strong><img loading=\"lazy\" decoding=\"async\" class=\"alignnone wp-image-8222\" src=\"https:\/\/www.inextremis-aventura.fr\/wp-content\/uploads\/2022\/12\/icone-mail.png\" alt=\"info@inextremis-aventura.com\" width=\"38\" height=\"25\" \/> Contact-us !<\/strong><\/a>[\/vc_column_text][\/vc_column][vc_column width=&#8221;1\/3&#8243; offset=&#8221;vc_hidden-md vc_col-sm-offset-0 vc_hidden-sm vc_hidden-xs&#8221;][vc_column_text]<strong><img loading=\"lazy\" decoding=\"async\" class=\"alignnone wp-image-8218\" src=\"https:\/\/www.inextremis-aventura.fr\/wp-content\/uploads\/2022\/12\/icone-tel.png\" alt=\"+33980850565\" width=\"25\" height=\"25\" \/> +33 980 850 565<\/strong>[\/vc_column_text][\/vc_column][vc_column width=&#8221;1\/3&#8243;][vc_column_text css=&#8221;.vc_custom_1670693987954{margin-left: 20px !important;}&#8221;]<strong><img loading=\"lazy\" decoding=\"async\" class=\"alignnone wp-image-8213\" src=\"https:\/\/www.inextremis-aventura.fr\/wp-content\/uploads\/2022\/12\/icone-mobile.png\" alt=\"+33629564036\" width=\"15\" height=\"25\" \/> +33 629 564 036<\/strong>[\/vc_column_text][\/vc_column][\/vc_row][vc_row row_type=&#8221;section&#8221; type=&#8221;full_width&#8221; text_align=&#8221;left&#8221; video=&#8221;&#8221; padding=&#8221;2&#8243; padding_top=&#8221;20&#8243; css=&#8221;.vc_custom_1637325127583{padding-top: 2px !important;padding-right: 2px !important;padding-bottom: 2px !important;padding-left: 2px !important;}&#8221;][vc_column][vc_column_text css=&#8221;&#8221; el_class=&#8221;sous-titres&#8221;]<\/p>\n<h2>Discover canyoning near Argel\u00e8s-sur-Mer, just a few kilometers from the beaches of the Catalan coast in the Pyr\u00e9n\u00e9es-Orientales. Only 28 km from Argel\u00e8s-sur-Mer, we offer two canyons in C\u00e9ret: the Gourg des Anelles or the Cascades de Baoussous, and a family-friendly canyon, the Terme Inf\u00e9rieur in Am\u00e9lie-les-Bains, open to children from 8 years old.<\/h2>\n<p>[\/vc_column_text][vc_column_text css=&#8221;&#8221;]<\/p>\n<h3>Canyons Closest to Banyuls-sur-Mer<\/h3>\n<p>C\u00e9ret and Am\u00e9lie-les-Bains are two small towns located in the Vallespir region of the Pyr\u00e9n\u00e9es-Orientales department, where you can discover canyoning, whether as a beginner&#8217;s course or a more challenging adventure.<\/p>\n<p>The C\u00e9ret area features parallel valleys where canyons have been carved over time.<br \/>\nThe Gourg des Anelles canyon in C\u00e9ret (Gorges of the Rings) is the most enclosed section of the Valli\u00e8re River, which originates at the foot of the &#8220;Roc del Pou de la Neu&#8221; (The Rock of the Snow Well), where the inhabitants of C\u00e9ret used to collect ice to bring down to the village and sell. It is overlooked by the &#8220;Pic de Font Freda&#8221; (The Peak of the Cold Fountain), which has a very large water catchment basin that supplies the canyon with water year-round, making it a natural waterway. The unique feature of this canyon is the narrowness of its gorges, which are less than 1 meter wide in places, its three large pools (natural swimming holes) that can be crossed by swimming, and its two large waterfalls (16 and 26 meters).<\/p>\n<p>The Baoussous Waterfall Canyon in C\u00e9ret, known as &#8220;Salt dels Bussos&#8221; (Diver&#8217;s Leap), is the most enclosed section of the Noguer\u00e8da River (a walnut grove). Traditionally, the inhabitants of C\u00e9ret would come to this spot to perform jumps and dives (bussos) from the last waterfall, unknowingly practicing the beginnings of canyoning at the start of the last century. This canyon is perfectly suited for introductory canyoning trips with ropes.<\/p>\n<p>Finally, in Am\u00e9lie-les-Bains, you can enjoy canyoning as a family in the lower Terme Gorge with children as young as 8.<\/p>\n<p>To discover our different canyoning trips, visit our canyon pages or call us. We&#8217;ll organize a canyoning trip suited to your level, whether it&#8217;s the Anelles Canyon, the Baoussous Canyon, or the lower Terme Gorges\u2026<\/p>\n<p><strong>These canyons are located just 50 minutes from Banyuls-sur-Mer. These three canyons are the closest to the beaches of the Catalan Roussillon coast\u2026<\/strong>[\/vc_column_text][\/vc_column][\/vc_row][vc_row][vc_column width=&#8221;1\/3&#8243;][vc_single_image image=&#8221;2791&#8243; img_size=&#8221;full&#8221; alignment=&#8221;center&#8221; css=&#8221;&#8221;][vc_column_text css=&#8221;&#8221;]<\/p>\n<h3>Family Canyoning Term inferior to Am\u00e9lie-les-Bains<\/h3>\n<p>Discover canyoning with your family in the form of a water hike in the Gorges du Terme and Mondony in Am\u00e9lie-les-Bains, accompanied by a French state-certified instructor. Water hikes are a great way to discover canyoning as a family.<br \/>\nThis activity involves no major challenges, other than navigating the river and making jumps, all of which can be avoided. There are seven progressive jumps in total, with an 8-meter option for the most daring and agile. A huge 15-meter slide opens the gorge.<br \/>\nThe descent is enhanced by a discovery of the geology and wildlife of the mountain torrents.<br \/>\nHere too, the erosion of the Terme and Mondony rivers has created its masterpiece, shaping immense blocks of granite and schist in this Mediterranean-style valley. Only 40 minutes from the beaches of Argel\u00e8s sur Mer, Saint Cyprien, Collioure and just 1 hour from Canet Plages and Banyuls sur Mer&#8230;.<\/p>\n<p>&nbsp;<\/p>\n<p style=\"text-align: center;\"><a class=\"myButton\" title=\"Family Canyoning Term inferior to Am\u00e9lie-les-Bains\" href=\"https:\/\/www.inextremis-aventura.fr\/en\/activities\/terme-inferior-family-canyoning-trip\/\">More details<\/a><\/p>\n<p>[\/vc_column_text][\/vc_column][vc_column width=&#8221;1\/3&#8243;][vc_single_image image=&#8221;4414&#8243; img_size=&#8221;full&#8221; alignment=&#8221;center&#8221; css=&#8221;&#8221;][vc_column_text css=&#8221;&#8221;]<\/p>\n<h3>Cascades de Baoussous Canyoning Trip in C\u00e9ret<\/h3>\n<p>Discover Canyoning in Baoussous in C\u00e9ret en Vallespir in the Pyrenees Orientales in the company of a professional canyon instructor certified by the French state.<br \/>\nWhat could be better than discovering canyoning by practicing it on a 1\/2 day in the Gorges des Cascades de Baoussous in C\u00e9ret in the Pyrenees Orientales in Vallespir, a few kilometers from Perpignan and the seaside resorts of Barcar\u00e8s, Canet en Roussillon, from Leucate, Argel\u00e8s sur Mer, Collioure, St Cyprien, Banyuls sur Mer and Cerb\u00e8re\u2026 .<br \/>\nThis canyon, because of its environment, is exceptional with its multitude of small abseils and slides that are available to you during its descent.<br \/>\nIt allows you to learn about the operation and use of waterfall ropes in its calm waters.<br \/>\nThis canyon without high flow is favored during spring and early summer where the flow offers a level of quality practice.<\/p>\n<p>&nbsp;<\/p>\n<p style=\"text-align: center;\"><a class=\"myButton\" title=\"Cascades de Baoussous Canyoning Trip in C\u00e9ret\" href=\"https:\/\/www.inextremis-aventura.fr\/en\/activities\/cascades-de-baousous-canyoning\/\">More details<\/a><\/p>\n<p>[\/vc_column_text][\/vc_column][vc_column width=&#8221;1\/3&#8243;][vc_single_image image=&#8221;2100&#8243; img_size=&#8221;full&#8221; alignment=&#8221;center&#8221; css=&#8221;&#8221;][vc_column_text css=&#8221;&#8221;]<\/p>\n<h3>Gourg des Anelles Canyoning Trip in Ceret<\/h3>\n<p>Discover Canyoning at the Gourg des Anelles in C\u00e9ret en Vallespir in the Pyrenees Orientales in the company of a professional canyon instructor certified by the French state.<br \/>\nCanyon descent in bubbling waves and the glossy slides of the Anelles located in the Alb\u00e8res massif in C\u00e9ret, in the eastern Pyrenees (66), not far from Perpignan, Argeles sur Mer, Saint Cyprien, Collioure, Banyuls sur Mer, Cerbere and seaside resorts.<br \/>\nJump into the void, land in basins of water..<br \/>\nThe Anelles canyon is a sports initiation canyon which has jumps varying between 4 and 7 meters, slides and two waterfalls of 26 and 16 meters, and many other obstacles to overcome.<br \/>\nInextremis Aventura once again offers you a passport to sporting achievement.<br \/>\nAn adventure within everyone&#8217;s reach&#8230;<\/p>\n<p>&nbsp;<\/p>\n<p style=\"text-align: center;\"><a class=\"myButton\" title=\"Gourg des Anelles Canyoning Trip in Ceret\" href=\"https:\/\/www.inextremis-aventura.fr\/en\/activities\/gourg-des-anelles-canyoning-ceret-pyrenees-orientales\/\">More details<\/a><\/p>\n<p>[\/vc_column_text][\/vc_column][\/vc_row][vc_row][vc_column width=&#8221;1\/2&#8243;][vc_gallery interval=&#8221;3&#8243; source=&#8221;external_link&#8221; css=&#8221;&#8221; custom_srcs=&#8221;#E-8_aHR0cHMlM0ElMkYlMkZ3d3cuaW5leHRyZW1pcy1hdmVudHVyYS5mciUyRndwLWNvbnRlbnQlMkZ1cGxvYWRzJTJGMjAyNSUyRjA0JTJGYmFueXVscy1zdXItbWVyLmpwZw==&#8221;][\/vc_column][vc_column width=&#8221;1\/2&#8243;][vc_column_text css=&#8221;&#8221;]<\/p>\n<h4><strong>Banyuls-sur-Mer in a Few Words\u2026<\/strong><\/h4>\n<p>Banyuls-sur-Mer is a small town on the Catalan C\u00f4te Vermeille, bordering Spain. It is located south of Perpignan in the Pyr\u00e9n\u00e9es-Orientales department.<br \/>\nThe town of Banyuls-sur-Mer lies on the easternmost part of the Pyrenees mountain range, in the Alb\u00e8res massif, which ends at the Mediterranean Sea. This village is the starting or ending point, depending on the direction you are hiking the GR 10 and the HRP (Haute Randonn\u00e9e Pyr\u00e9n\u00e9enne), which traverses the entire Pyrenees mountain range to the Atlantic Ocean at Hendaye in the Basque Country.<\/p>\n<p>The town is known for its exceptional Banyuls wines. A small marina, the town boasts picturesque streets around its large beaches, offering a pleasant atmosphere for a relaxing seaside holiday at the foot of the mountains.[\/vc_column_text][\/vc_column][\/vc_row][vc_row el_class=&#8221;blanc&#8221; css=&#8221;.vc_custom_1637325136839{padding-top: 10px !important;padding-right: 10px !important;padding-bottom: 10px !important;padding-left: 10px !important;background-color: #0066bf !important;}&#8221;][vc_column][vc_column_text css=&#8221;&#8221; el_class=&#8221;blanc&#8221;]<\/p>\n<h3>How are our canyoning trips going?<\/h3>\n<p><strong>All our half-day canyoning trips take place either in the morning or early afternoon.<br \/>\nEquipment provided: reinforced suit, helmet, harness, lanyards, carabiners and descender).<br \/>\nFree provision of shoes (from size 36).<br \/>\nTransportation to the canyon from the meeting point is done with your own vehicle to the canyon exit parking lot (usually the lower part).<br \/>\nA minibus shuttle to the upper part of the canyon is provided when possible, avoiding the often very strenuous climb back up at the end of the activity.<\/strong>[\/vc_column_text][\/vc_column][\/vc_row]<\/p>\n<\/div>","protected":false},"excerpt":{"rendered":"<p>[vc_row full_width=&#8221;stretch_row_content_no_spaces&#8221; content_placement=&#8221;middle&#8221; css=&#8221;.vc_custom_1669811282596{background-color: #fb2056 !important;}&#8221; el_class=&#8221;barre&#8221;][vc_column width=&#8221;1\/3&#8243; offset=&#8221;vc_hidden-md vc_hidden-sm vc_hidden-xs&#8221;][vc_column_text css=&#8221;.vc_custom_1673177552935{margin-left: 20px !important;}&#8221;] Contact-us ![\/vc_column_text][\/vc_column][vc_column width=&#8221;1\/3&#8243; offset=&#8221;vc_hidden-md vc_col-sm-offset-0 vc_hidden-sm vc_hidden-xs&#8221;][vc_column_text] +33 980 850 565[\/vc_column_text][\/vc_column][vc_column width=&#8221;1\/3&#8243;][vc_column_text css=&#8221;.vc_custom_1670693987954{margin-left: 20px !important;}&#8221;] +33 629 564 036[\/vc_column_text][\/vc_column][\/vc_row][vc_row row_type=&#8221;section&#8221; type=&#8221;full_width&#8221; text_align=&#8221;left&#8221; video=&#8221;&#8221; padding=&#8221;2&#8243; padding_top=&#8221;20&#8243; css=&#8221;.vc_custom_1637325127583{padding-top: 2px !important;padding-right: 2px !important;padding-bottom: 2px !important;padding-left: 2px !important;}&#8221;][vc_column][vc_column_text css=&#8221;&#8221; el_class=&#8221;sous-titres&#8221;] Discover canyoning near Argel\u00e8s-sur-Mer, just [&hellip;]<\/p>\n","protected":false},"author":1,"featured_media":3445,"parent":0,"menu_order":0,"comment_status":"closed","ping_status":"closed","template":"","meta":{"_acf_changed":false,"_seopress_robots_primary_cat":"","_seopress_titles_title":"","_seopress_titles_desc":"","_seopress_robots_index":"","site-sidebar-layout":"no-sidebar","site-content-layout":"plain-container","ast-site-content-layout":"default","site-content-style":"default","site-sidebar-style":"default","ast-global-header-display":"","ast-banner-title-visibility":"","ast-main-header-display":"","ast-hfb-above-header-display":"","ast-hfb-below-header-display":"","ast-hfb-mobile-header-display":"","site-post-title":"disabled","ast-breadcrumbs-content":"","ast-featured-img":"disabled","footer-sml-layout":"","ast-disable-related-posts":"","theme-transparent-header-meta":"default","adv-header-id-meta":"","stick-header-meta":"default","header-above-stick-meta":"","header-main-stick-meta":"","header-below-stick-meta":"","astra-migrate-meta-layouts":"set","ast-page-background-enabled":"default","ast-page-background-meta":{"desktop":{"background-color":"var(--ast-global-color-4)","background-image":"","background-repeat":"repeat","background-position":"center center","background-size":"auto","background-attachment":"scroll","background-type":"","background-media":"","overlay-type":"","overlay-color":"","overlay-opacity":"","overlay-gradient":""},"tablet":{"background-color":"","background-image":"","background-repeat":"repeat","background-position":"center center","background-size":"auto","background-attachment":"scroll","background-type":"","background-media":"","overlay-type":"","overlay-color":"","overlay-opacity":"","overlay-gradient":""},"mobile":{"background-color":"","background-image":"","background-repeat":"repeat","background-position":"center center","background-size":"auto","background-attachment":"scroll","background-type":"","background-media":"","overlay-type":"","overlay-color":"","overlay-opacity":"","overlay-gradient":""}},"ast-content-background-meta":{"desktop":{"background-color":"var(--ast-global-color-5)","background-image":"","background-repeat":"repeat","background-position":"center center","background-size":"auto","background-attachment":"scroll","background-type":"","background-media":"","overlay-type":"","overlay-color":"","overlay-opacity":"","overlay-gradient":""},"tablet":{"background-color":"var(--ast-global-color-5)","background-image":"","background-repeat":"repeat","background-position":"center center","background-size":"auto","background-attachment":"scroll","background-type":"","background-media":"","overlay-type":"","overlay-color":"","overlay-opacity":"","overlay-gradient":""},"mobile":{"background-color":"var(--ast-global-color-5)","background-image":"","background-repeat":"repeat","background-position":"center center","background-size":"auto","background-attachment":"scroll","background-type":"","background-media":"","overlay-type":"","overlay-color":"","overlay-opacity":"","overlay-gradient":""}},"footnotes":""},"class_list":["post-3486","page","type-page","status-publish","has-post-thumbnail","hentry"],"acf":[],"_links":{"self":[{"href":"https:\/\/www.inextremis-aventura.fr\/en\/wp-json\/wp\/v2\/pages\/3486","targetHints":{"allow":["GET"]}}],"collection":[{"href":"https:\/\/www.inextremis-aventura.fr\/en\/wp-json\/wp\/v2\/pages"}],"about":[{"href":"https:\/\/www.inextremis-aventura.fr\/en\/wp-json\/wp\/v2\/types\/page"}],"author":[{"embeddable":true,"href":"https:\/\/www.inextremis-aventura.fr\/en\/wp-json\/wp\/v2\/users\/1"}],"replies":[{"embeddable":true,"href":"https:\/\/www.inextremis-aventura.fr\/en\/wp-json\/wp\/v2\/comments?post=3486"}],"version-history":[{"count":3,"href":"https:\/\/www.inextremis-aventura.fr\/en\/wp-json\/wp\/v2\/pages\/3486\/revisions"}],"predecessor-version":[{"id":5138,"href":"https:\/\/www.inextremis-aventura.fr\/en\/wp-json\/wp\/v2\/pages\/3486\/revisions\/5138"}],"wp:featuredmedia":[{"embeddable":true,"href":"https:\/\/www.inextremis-aventura.fr\/en\/wp-json\/wp\/v2\/media\/3445"}],"wp:attachment":[{"href":"https:\/\/www.inextremis-aventura.fr\/en\/wp-json\/wp\/v2\/media?parent=3486"}],"curies":[{"name":"wp","href":"https:\/\/api.w.org\/{rel}","templated":true}]}}