{"id":4603,"date":"2025-07-27T21:08:15","date_gmt":"2025-07-27T21:08:15","guid":{"rendered":"https:\/\/www.inextremis-aventura.fr\/?page_id=4603"},"modified":"2025-11-24T15:13:50","modified_gmt":"2025-11-24T15:13:50","slug":"politica-de-privadesa-de-dades","status":"publish","type":"page","link":"https:\/\/www.inextremis-aventura.fr\/ca\/politica-de-privadesa-de-dades\/","title":{"rendered":"Pol\u00edtica de privadesa de dades"},"content":{"rendered":"<div class=\"wpb-content-wrapper\"><p>[vc_row full_width=&#8221;stretch_row_content_no_spaces&#8221; content_placement=&#8221;middle&#8221; css=&#8221;.vc_custom_1754069233336{padding-top: 10px !important;padding-right: 10px !important;padding-bottom: 10px !important;padding-left: 10px !important;background-color: #FB2056 !important;}&#8221; el_class=&#8221;barre&#8221;][vc_column width=&#8221;1\/4&#8243; offset=&#8221;vc_hidden-sm vc_hidden-xs&#8221;][vc_column_text css=&#8221;&#8221;]<a href=\"https:\/\/www.inextremis-aventura.fr\/ca\/contacta-amb-nosaltres\/\"><strong data-wp-editing=\"1\"><img loading=\"lazy\" decoding=\"async\" class=\"alignnone wp-image-8222\" src=\"https:\/\/www.inextremis-aventura.fr\/wp-content\/uploads\/2022\/12\/icone-mail.png\" alt=\"info@inextremis-aventura.com\" width=\"38\" height=\"25\" \/> Contacta amb nosaltres !<\/strong><\/a>[\/vc_column_text][\/vc_column][vc_column width=&#8221;1\/4&#8243;][vc_column_text css=&#8221;&#8221;]<strong><img loading=\"lazy\" decoding=\"async\" class=\"alignnone wp-image-8218\" src=\"https:\/\/www.inextremis-aventura.fr\/wp-content\/uploads\/2022\/12\/icone-tel.png\" sizes=\"auto, (max-width: 25px) 100vw, 25px\" srcset=\"https:\/\/www.inextremis-aventura.fr\/wp-content\/uploads\/2022\/12\/icone-tel.png 54w, https:\/\/www.inextremis-aventura.fr\/wp-content\/uploads\/2022\/12\/icone-tel-50x49.png 50w\" alt=\"+33980850565\" width=\"25\" height=\"25\" \/>+33 980 850 565<\/strong>[\/vc_column_text][\/vc_column][vc_column width=&#8221;1\/4&#8243;][vc_column_text css=&#8221;&#8221;]<strong><img loading=\"lazy\" decoding=\"async\" class=\"alignnone wp-image-8218\" src=\"https:\/\/www.inextremis-aventura.fr\/wp-content\/uploads\/2022\/12\/icone-tel.png\" sizes=\"auto, (max-width: 25px) 100vw, 25px\" srcset=\"https:\/\/www.inextremis-aventura.fr\/wp-content\/uploads\/2022\/12\/icone-tel.png 54w, https:\/\/www.inextremis-aventura.fr\/wp-content\/uploads\/2022\/12\/icone-tel-50x49.png 50w\" alt=\"+33980850565\" width=\"25\" height=\"25\" \/>+33 629 564 036<\/strong>[\/vc_column_text][\/vc_column][vc_column width=&#8221;1\/4&#8243;][vc_column_text css=&#8221;&#8221;]<strong><a class=\"customize-unpreviewable\" href=\"https:\/\/maps.app.goo.gl\/2uV1V6YBHY9QHJtm6\" target=\"_blank\" rel=\"noopener\"><img loading=\"lazy\" decoding=\"async\" class=\"alignnone wp-image-8229\" title=\"Locaux Inextremis Aventura\" src=\"https:\/\/www.inextremis-aventura.fr\/wp-content\/uploads\/2022\/12\/icone-place.png\" sizes=\"auto, (max-width: 22px) 100vw, 22px\" srcset=\"https:\/\/www.inextremis-aventura.fr\/wp-content\/uploads\/2022\/12\/icone-place.png 56w, https:\/\/www.inextremis-aventura.fr\/wp-content\/uploads\/2022\/12\/icone-place-50x56.png 50w\" alt=\"Locaux Inextremis Aventura\" width=\"22\" height=\"25\" \/> Situation<\/a><\/strong>[\/vc_column_text][\/vc_column][\/vc_row][vc_row][vc_column][vc_column_text css=&#8221;&#8221;]<\/p>\n<h2>Pol\u00edtica de privadesa de dades \u2013 \u200b\u200bInextremis Aventura<\/h2>\n<p>Pre\u00e0mbul<\/p>\n<p>Inextremis Aventura, empresa unipersonal amb domicili social al n\u00famero 14, rue Baptiste Pams &#8211; 66150 Arles sur Tech, Fran\u00e7a (<a href=\"https:\/\/www.inextremis-aventura.fr\/ca\/politica-de-privadesa-de-dades\/\">vegeu els avisos legals<\/a>), operador tur\u00edstic franc\u00e8s especialitzat en visites a peu per Europa, vol informar-vos de les mesures implementades per protegir les vostres dades personals i la vostra privadesa d&#8217;acord amb la legislaci\u00f3 aplicable, i m\u00e9s concretament les disposicions de la Llei francesa de protecci\u00f3 de dades del 6 de gener de 1978, modificada, el Reglament europeu 2016\/679 i les recomanacions emeses per la CNIL (d&#8217;ara endavant, &#8220;Legislaci\u00f3 aplicable&#8221;).<\/p>\n<p>D&#8217;acord amb la legislaci\u00f3 aplicable, teniu dret a accedir, oposar-vos, rectificar, suprimir i limitar el tractament de les vostres dades personals. Tamb\u00e9 teniu dret a definir instruccions sobre el dest\u00ed de les vostres dades personals despr\u00e9s de la vostra mort. Aquests drets es poden exercir per correu postal a la seg\u00fcent adre\u00e7a: Inextremis Aventura, 14 rue Baptiste Pams, 66150 Arles sur Tech, Fran\u00e7a, adjuntant una c\u00f2pia del vostre document d&#8217;identitat amb la vostra sol\u00b7licitud (que Inextremis Aventura no conservar\u00e0 i es pot destruir o retornar, com preferiu). Per motius de seguretat, el vostre dret a la portabilitat de les dades nom\u00e9s es pot exercir a les nostres instal\u00b7lacions en la vostra pres\u00e8ncia i amb la presentaci\u00f3 d&#8217;un document d&#8217;identitat v\u00e0lid. Teniu dret a presentar una reclamaci\u00f3 a la CNIL (Autoritat Francesa de Protecci\u00f3 de Dades) si creieu que no estem complint les normatives de protecci\u00f3 de dades aplicables.<\/p>\n<p>Com a responsable del tractament de les vostres dades personals, Inextremis Aventura vol abordar les vostres preocupacions sobre la confidencialitat de la informaci\u00f3 que ens proporcioneu a trav\u00e9s de tots els mitjans de comunicaci\u00f3, inclosos: llocs web publicats i operats per Inextremis Aventura, xat, SMS, trucades telef\u00f2niques i cites a les nostres sucursals (d&#8217;ara endavant, &#8220;Canals de comunicaci\u00f3&#8221;), per tal d&#8217;oferir-vos els nostres productes i serveis.<\/p>\n<p>Podem obtenir informaci\u00f3 sobre vosaltres d&#8217;altres fonts. Per exemple, podem sol\u00b7licitar informaci\u00f3 addicional sobre els nostres clients existents a un prove\u00efdor extern o agregador de dades (afegiment de dades), inclosa informaci\u00f3 del vostre perfil o publicacions en una xarxa social de tercers.<\/p>\n<p>Tamb\u00e9 podem recopilar informaci\u00f3 del vostre perfil en una xarxa social de tercers (incl\u00f2s Facebook) si autoritzeu la xarxa social de tercers a compartir-la amb nosaltres o si la feu disponible p\u00fablicament. Aquesta informaci\u00f3 pot incloure informaci\u00f3 general sobre el vostre compte (per exemple, nom, adre\u00e7a de correu electr\u00f2nic, foto de perfil, sexe, data de naixement, ciutat actual, nom d&#8217;usuari, llista d&#8217;amics, etc.) i qualsevol altra informaci\u00f3 o activitat que ens autoritzeu a compartir a trav\u00e9s de la xarxa social de tercers que feu disponible p\u00fablicament al vostre perfil. Per exemple, podem rebre la vostra informaci\u00f3 de xarxes socials (o part d&#8217;ella) quan descarregueu o interactueu amb una de les nostres aplicacions en un lloc de xarxa social (incl\u00f2s Facebook). Per obtenir m\u00e9s informaci\u00f3 sobre com podem obtenir la vostra informaci\u00f3 de xarxes socials, consulteu els termes del servei de la xarxa social de tercers pertinent.<\/p>\n<p>Quan ens proporcioneu les vostres dades personals, ens autoritzeu a utilitzar-les, analitzar-les, emmagatzemar-les i, si cal, compartir-les amb els nostres socis quan el processament de les vostres sol\u00b7licituds ho requereixi. En proporcionar-nos dades personals a trav\u00e9s dels Canals de Comunicaci\u00f3, accepteu aquesta pol\u00edtica. La nostra pol\u00edtica es pot modificar per reflectir els canvis en la legislaci\u00f3 aplicable en mat\u00e8ria de dades personals. Us mantindrem informats de qualsevol canvi.<\/p>\n<p>I. Dades personals transmeses a Inextremis Aventura<\/p>\n<p>a) Dades relatives a la vostra informaci\u00f3 personal<\/p>\n<p>Aix\u00f2 fa refer\u00e8ncia a la informaci\u00f3 sobre v\u00f3s com a persona f\u00edsica o jur\u00eddica, que heu proporcionat volunt\u00e0riament a Inextremis Aventura a trav\u00e9s de diversos canals de comunicaci\u00f3 i que \u00e9s essencial per a la planificaci\u00f3 i execuci\u00f3 del vostre viatge (com ara, en particular, el vostre cognom, nom, adre\u00e7a de correu electr\u00f2nic, n\u00famero de tel\u00e8fon, adre\u00e7a postal, al\u00e7ada, pes, talla de sabata (equipament personal en \u00fas), data de naixement, etc.).<\/p>\n<p>Tingueu en compte que la informaci\u00f3 que s&#8217;ha de proporcionar a Inextremis Aventura s&#8217;indica clarament amb un [s\u00edmbol\/codi].[\/vc_column_text][\/vc_column][\/vc_row]<\/p>\n<\/div>","protected":false},"excerpt":{"rendered":"<p>[vc_row full_width=&#8221;stretch_row_content_no_spaces&#8221; content_placement=&#8221;middle&#8221; css=&#8221;.vc_custom_1754069233336{padding-top: 10px !important;padding-right: 10px !important;padding-bottom: 10px !important;padding-left: 10px !important;background-color: #FB2056 !important;}&#8221; el_class=&#8221;barre&#8221;][vc_column width=&#8221;1\/4&#8243; offset=&#8221;vc_hidden-sm vc_hidden-xs&#8221;][vc_column_text css=&#8221;&#8221;] Contacta amb nosaltres ![\/vc_column_text][\/vc_column][vc_column width=&#8221;1\/4&#8243;][vc_column_text css=&#8221;&#8221;]+33 980 850 565[\/vc_column_text][\/vc_column][vc_column width=&#8221;1\/4&#8243;][vc_column_text css=&#8221;&#8221;]+33 629 564 036[\/vc_column_text][\/vc_column][vc_column width=&#8221;1\/4&#8243;][vc_column_text css=&#8221;&#8221;] Situation[\/vc_column_text][\/vc_column][\/vc_row][vc_row][vc_column][vc_column_text css=&#8221;&#8221;] Pol\u00edtica de privadesa de dades \u2013 \u200b\u200bInextremis Aventura Pre\u00e0mbul Inextremis Aventura, empresa unipersonal amb domicili social al n\u00famero [&hellip;]<\/p>\n","protected":false},"author":1,"featured_media":0,"parent":0,"menu_order":0,"comment_status":"closed","ping_status":"closed","template":"","meta":{"_acf_changed":false,"_seopress_robots_primary_cat":"","_seopress_titles_title":"","_seopress_titles_desc":"","_seopress_robots_index":"","site-sidebar-layout":"no-sidebar","site-content-layout":"plain-container","ast-site-content-layout":"default","site-content-style":"default","site-sidebar-style":"default","ast-global-header-display":"","ast-banner-title-visibility":"","ast-main-header-display":"","ast-hfb-above-header-display":"","ast-hfb-below-header-display":"","ast-hfb-mobile-header-display":"","site-post-title":"disabled","ast-breadcrumbs-content":"","ast-featured-img":"disabled","footer-sml-layout":"","ast-disable-related-posts":"","theme-transparent-header-meta":"default","adv-header-id-meta":"","stick-header-meta":"default","header-above-stick-meta":"","header-main-stick-meta":"","header-below-stick-meta":"","astra-migrate-meta-layouts":"set","ast-page-background-enabled":"default","ast-page-background-meta":{"desktop":{"background-color":"var(--ast-global-color-4)","background-image":"","background-repeat":"repeat","background-position":"center center","background-size":"auto","background-attachment":"scroll","background-type":"","background-media":"","overlay-type":"","overlay-color":"","overlay-opacity":"","overlay-gradient":""},"tablet":{"background-color":"","background-image":"","background-repeat":"repeat","background-position":"center center","background-size":"auto","background-attachment":"scroll","background-type":"","background-media":"","overlay-type":"","overlay-color":"","overlay-opacity":"","overlay-gradient":""},"mobile":{"background-color":"","background-image":"","background-repeat":"repeat","background-position":"center center","background-size":"auto","background-attachment":"scroll","background-type":"","background-media":"","overlay-type":"","overlay-color":"","overlay-opacity":"","overlay-gradient":""}},"ast-content-background-meta":{"desktop":{"background-color":"var(--ast-global-color-5)","background-image":"","background-repeat":"repeat","background-position":"center center","background-size":"auto","background-attachment":"scroll","background-type":"","background-media":"","overlay-type":"","overlay-color":"","overlay-opacity":"","overlay-gradient":""},"tablet":{"background-color":"var(--ast-global-color-5)","background-image":"","background-repeat":"repeat","background-position":"center center","background-size":"auto","background-attachment":"scroll","background-type":"","background-media":"","overlay-type":"","overlay-color":"","overlay-opacity":"","overlay-gradient":""},"mobile":{"background-color":"var(--ast-global-color-5)","background-image":"","background-repeat":"repeat","background-position":"center center","background-size":"auto","background-attachment":"scroll","background-type":"","background-media":"","overlay-type":"","overlay-color":"","overlay-opacity":"","overlay-gradient":""}},"footnotes":""},"class_list":["post-4603","page","type-page","status-publish","hentry"],"acf":[],"_links":{"self":[{"href":"https:\/\/www.inextremis-aventura.fr\/ca\/wp-json\/wp\/v2\/pages\/4603","targetHints":{"allow":["GET"]}}],"collection":[{"href":"https:\/\/www.inextremis-aventura.fr\/ca\/wp-json\/wp\/v2\/pages"}],"about":[{"href":"https:\/\/www.inextremis-aventura.fr\/ca\/wp-json\/wp\/v2\/types\/page"}],"author":[{"embeddable":true,"href":"https:\/\/www.inextremis-aventura.fr\/ca\/wp-json\/wp\/v2\/users\/1"}],"replies":[{"embeddable":true,"href":"https:\/\/www.inextremis-aventura.fr\/ca\/wp-json\/wp\/v2\/comments?post=4603"}],"version-history":[{"count":3,"href":"https:\/\/www.inextremis-aventura.fr\/ca\/wp-json\/wp\/v2\/pages\/4603\/revisions"}],"predecessor-version":[{"id":5209,"href":"https:\/\/www.inextremis-aventura.fr\/ca\/wp-json\/wp\/v2\/pages\/4603\/revisions\/5209"}],"wp:attachment":[{"href":"https:\/\/www.inextremis-aventura.fr\/ca\/wp-json\/wp\/v2\/media?parent=4603"}],"curies":[{"name":"wp","href":"https:\/\/api.w.org\/{rel}","templated":true}]}}