{"id":4048,"date":"2025-10-03T15:35:32","date_gmt":"2025-10-03T15:35:32","guid":{"rendered":"https:\/\/www.inextremis-aventura.fr\/?page_id=4048"},"modified":"2025-11-24T14:49:41","modified_gmt":"2025-11-24T14:49:41","slug":"barranquisme-sant-pau-de-fenollet-pirineus-orientals","status":"publish","type":"page","link":"https:\/\/www.inextremis-aventura.fr\/ca\/barranquisme-sant-pau-de-fenollet-pirineus-orientals\/","title":{"rendered":"Barranquisme &#8211; Sant Pau de Fenollet &#8211; Pirineus Orientals"},"content":{"rendered":"<div class=\"wpb-content-wrapper\"><p>[vc_row full_width=&#8221;stretch_row_content_no_spaces&#8221; content_placement=&#8221;middle&#8221; css=&#8221;.vc_custom_1669811282596{background-color: #fb2056 !important;}&#8221; el_class=&#8221;barre&#8221;][vc_column width=&#8221;1\/3&#8243; offset=&#8221;vc_hidden-md vc_hidden-sm vc_hidden-xs&#8221;][vc_column_text css=&#8221;.vc_custom_1673177552935{margin-left: 20px !important;}&#8221;]<a href=\"https:\/\/www.inextremis-aventura.fr\/ca\/contact-amb-noaltres\/\"><strong><img loading=\"lazy\" decoding=\"async\" class=\"alignnone wp-image-8222\" src=\"https:\/\/www.inextremis-aventura.fr\/wp-content\/uploads\/2022\/12\/icone-mail.png\" alt=\"info@inextremis-aventura.com\" width=\"38\" height=\"25\" \/> Contacta amb nosaltres !<\/strong><\/a>[\/vc_column_text][\/vc_column][vc_column width=&#8221;1\/3&#8243; offset=&#8221;vc_hidden-md vc_col-sm-offset-0 vc_hidden-sm vc_hidden-xs&#8221;][vc_column_text]<strong><img loading=\"lazy\" decoding=\"async\" class=\"alignnone wp-image-8218\" src=\"https:\/\/www.inextremis-aventura.fr\/wp-content\/uploads\/2022\/12\/icone-tel.png\" alt=\"+33980850565\" width=\"25\" height=\"25\" \/> 09 80 85 05 65<\/strong>[\/vc_column_text][\/vc_column][vc_column width=&#8221;1\/3&#8243;][vc_column_text css=&#8221;.vc_custom_1670693987954{margin-left: 20px !important;}&#8221;]<strong><img loading=\"lazy\" decoding=\"async\" class=\"alignnone wp-image-8213\" src=\"https:\/\/www.inextremis-aventura.fr\/wp-content\/uploads\/2022\/12\/icone-mobile.png\" alt=\"+33629564036\" width=\"15\" height=\"25\" \/> 06 29 56 40 36<\/strong>[\/vc_column_text][\/vc_column][\/vc_row][vc_row row_type=&#8221;section&#8221; type=&#8221;full_width&#8221; text_align=&#8221;left&#8221; video=&#8221;&#8221; padding=&#8221;2&#8243; padding_top=&#8221;20&#8243; css=&#8221;.vc_custom_1637663688944{padding-top: 2px !important;padding-right: 2px !important;padding-bottom: 2px !important;padding-left: 2px !important;}&#8221;][vc_column][vc_column_text css=&#8221;&#8221;]<\/p>\n<h2>Descobreix el barranquisme al municipi de Saint Paul de Fenouillet, a les Gorges de Galamus, a nom\u00e9s 5 km d&#8217;aquest encantador poble dels Pirineus Orientals&#8230;<\/h2>\n<p><strong>1 barranc molt a prop del poble, accessible per a tothom:<\/strong><br \/>\n<strong>&#8211; A partir de 8 anys<br \/>\n&#8211; Ideal per a fam\u00edlies<\/strong>[\/vc_column_text][vc_column_text css=&#8221;&#8221;]El poble de Saint Paul de Fenouillet t\u00e9 una caracter\u00edstica \u00fanica: compta amb unes magn\u00edfiques gorges f\u00e0cilment accessibles amb cotxe o a peu per una ruta de senderisme. Aquesta zona \u00e9s un lloc predilecte per al barranquisme familiar, adequat per a nens a partir de 8 anys. El riu Agly ha excavat unes gorges excepcionalment belles a la barrera calc\u00e0ria de les muntanyes de les Corbi\u00e8res.[\/vc_column_text][\/vc_column][\/vc_row][vc_row][vc_column width=&#8221;1\/2&#8243;][vc_gallery interval=&#8221;3&#8243; images=&#8221;2858,2855,2852,2849,2846,2843,2840,2837,2834,2831&#8243; img_size=&#8221;full&#8221; css=&#8221;&#8221;][\/vc_column][vc_column width=&#8221;1\/2&#8243;][vc_column_text css=&#8221;&#8221;]<\/p>\n<h3>Descens de barrancs<\/h3>\n<p> El descens de barrancs en fam\u00edlia a Saint Paul de Fenouillet es presenta com una excursi\u00f3 aqu\u00e0tica a les Gorges de Galamus, acompanyats d&#8217;un instructor certificat per l&#8217;estat franc\u00e8s. El senderisme aqu\u00e0tic \u00e9s una manera fant\u00e0stica de descobrir el descens de barrancs en fam\u00edlia. Aquesta activitat no presenta grans dificultats, a part de navegar pel riu i fer salts, que es poden evitar. El descens es veu real\u00e7at per una exploraci\u00f3 de la geologia i la fauna. L&#8217;espectacular erosi\u00f3 de l&#8217;aigua ha creat una obra mestra, esculpint un immens congost al cor de la muntanya calc\u00e0ria.[\/vc_column_text][vc_column_text css=&#8221;&#8221;]<\/p>\n<h3>Com funciona !<\/h3>\n<p>[\/vc_column_text][vc_column_text css=&#8221;.vc_custom_1763467419090{padding-top: 10px !important;padding-right: 10px !important;padding-bottom: 10px !important;padding-left: 10px !important;background-color: #1E73BE !important;}&#8221; el_class=&#8221;blanc&#8221;]<\/p>\n<ul>\n<li>Totes les nostres excursions de barranquisme de mig dia tenen lloc al mat\u00ed (a partir de les 9:00 o les 12:00) o a primera hora de la tarda (a partir de la 1:00).<\/li>\n<li>Equipament proporcionat: vestit de neopr\u00e8 refor\u00e7at, casc, arn\u00e8s, cordons, mosquetons i descensor.<\/li>\n<li>El cal\u00e7at es proporciona gratu\u00eftament (talla 36 i superior).<\/li>\n<li>Haureu de conduir vosaltres mateixos des del punt de trobada fins a l&#8217;aparcament de sortida del cany\u00f3 (normalment la secci\u00f3 inferior) des del punt de trobada.<\/li>\n<li>Quan sigui possible, un minib\u00fas us portar\u00e0 a la secci\u00f3 superior del cany\u00f3, estalviant-vos la pujada sovint extenuant al final de l&#8217;activitat.<\/li>\n<\/ul>\n<p>[\/vc_column_text][vc_column_text css=&#8221;&#8221;]<\/p>\n<p style=\"text-align: center;\"><a class=\"myButton\" title=\"Canyoning Famille Terme inf\u00e9rieur \u00e0 Am\u00e9lie les Bains\" href=\"https:\/\/www.inextremis-aventura.fr\/ca\/contact-amb-noaltres\/\">+ m\u00e8s informaci\u00f3<\/a><\/p>\n<p>[\/vc_column_text][\/vc_column][\/vc_row][vc_row][vc_column][\/vc_column][\/vc_row][vc_row][vc_column][vc_raw_js]JTNDc2NyaXB0JTIwdHlwZSUzRCUyMmFwcGxpY2F0aW9uJTJGbGQlMkJqc29uJTIyJTNFJTBBJTIwJTIwJTIwJTIwJTdCJTBBJTIwJTIwJTIwJTIwJTIyJTQwY29udGV4dCUyMiUzQSUyMCUyMmh0dHAlM0ElNUMlMkYlNUMlMkZzY2hlbWEub3JnJTIyJTJDJTBBJTIwJTIwJTIwJTIwJTIyJTQwdHlwZSUyMiUzQSUyMCUyMlByb2R1Y3QlMjIlMkMlMEElMjAlMjAlMjAlMjAlMjJuYW1lJTIyJTNBJTIwJTIyQmFycmFucXVpc21lJTIwR29yZ2VzJTIwZGUlMjBHYWxhbXVzJTIwJUUyJTgwJTkzJTIwU2FudCUyMFBhdSUyMGRlJTIwRmVub2xsZXQlMjAlRTIlODAlOTMlMjBQaXJpbmV1cyUyME9yaWVudGFscyUyMiUyQyUwQSUyMCUyMCUyMCUyMCUyMmltYWdlJTIyJTNBJTIwJTIyaHR0cHMlM0ElMkYlMkZ3d3cuaW5leHRyZW1pcy1hdmVudHVyYS5mciUyRndwLWNvbnRlbnQlMkZ1cGxvYWRzJTJGMjAxOCUyRjExJTJGY2FueW9uaW5nLWdvcmdlLWRlLWdhbGFtdXMtMS5qcGclMjIlMkMlMEElMjAlMjAlMjAlMjAlMjJkZXNjcmlwdGlvbiUyMiUzQSUyMCUyMkV4cGVyaW1lbnRhJTIwZWwlMjBiYXJyYW5xdWlzbWUlMjBhJTIwbGVzJTIwR29yZ2VzJTIwZGUlMjBHYWxhbXVzJTJDJTIwcHJvcCUyMGRlJTIwU2FpbnQlMjBQYXVsJTIwZGUlMjBGZW5vdWlsbGV0JTJDJTIwYSUyMGxlcyUyMHJlZ2lvbnMlMjBkZWxzJTIwUGlyaW5ldXMlMjBPcmllbnRhbHMlMjBpJTIwZGUlMjBsJTI3QXVkZSUyQyUyMGR1cmFudCUyMHVuJTIwZGVzY2VucyUyMGZhbWlsaWFyJTIwJTI4YSUyMHBhcnRpciUyMGRlJTIwOCUyMGFueXMlMjklMjBhY29tcGFueWF0JTIwZCUyN3VuJTIwZ3VpYSUyMGRlJTIwYmFycmFucXVpc21lJTIwY2VydGlmaWNhdCUyMHBlciUyMGwlMjdlc3RhdCUyMGZyYW5jJUMzJUE4cy4lMjBVbiUyMGxsb2MlMjBtYWduJUMzJUFEZmljJTIwaSUyMGV4Y2VwY2lvbmFsJTIwYSUyMG5vbSVDMyVBOXMlMjA1MCUyMG1pbnV0cyUyMGRlJTIwbGElMjBjb3N0YSUyMGNhdGFsYW5hLiUyMiUyQyUwQSUyMCUyMCUyMCUyMmJyYW5kJTIyJTNBJTIySW5leHRyZW1pcyUyMEF2ZW50dXJhJTIyJTJDJTBBJTIwJTIwJTIwJTIyc2t1JTIyJTNBJTIwJTIyY2FueW9uaW5nMjAlMjIlMkMlMEElMjAlMjAlMjAlMjJtcG4lMjIlM0ElMjAlMjJDYW55b25pbmcyMCUyMiUyQyUwQSUyMCUyMCUyMCUyMCUyMmFnZ3JlZ2F0ZVJhdGluZyUyMiUzQSUyMCU3QiUwQSUyMCUyMCUyMCUyMCUyMCUyMCUyMCUyMCUyMiU0MHR5cGUlMjIlM0ElMjAlMjJBZ2dyZWdhdGVSYXRpbmclMjIlMkMlMEElMjAlMjAlMjAlMjAlMjAlMjAlMjAlMjAlMjJyYXRpbmdWYWx1ZSUyMiUzQSUyMDQuNiUyQyUwQSUyMCUyMCUyMCUyMCUyMCUyMCUyMCUyMCUyMnJldmlld0NvdW50JTIyJTNBJTIwJTIyMjgzJTIyJTBBJTIwJTIwJTIwJTIwJTdEJTJDJTBBJTIwJTIwJTIwJTIwJTIyb2ZmZXJzJTIyJTNBJTIwJTdCJTBBJTIwJTIwJTIwJTIwJTIwJTIwJTIwJTIwJTIyJTQwdHlwZSUyMiUzQSUyMCUyMk9mZmVyJTIyJTJDJTBBJTIwJTIwJTIwJTIwJTIwJTIwJTIwJTIwJTIyYXZhaWxhYmlsaXR5JTIyJTNBJTIwJTIyaHR0cCUzQSU1QyUyRiU1QyUyRnNjaGVtYS5vcmclNUMlMkZJblN0b2NrJTIyJTJDJTBBJTIwJTIwJTIwJTIwJTIwJTIwJTIwJTIwJTIybmFtZSUyMiUzQSUyMCUyMkNhbnlvbmluZyUyMEdvcmdlcyUyMGRlJTIwR2FsYW11cyUyMCVFMiU4MCU5MyUyMFNhaW50JTIwUGF1bCUyMGRlJTIwRmVub3VpbGxldCUyMCVFMiU4MCU5MyUyMFB5ciVDMyVBOW4lQzMlQTllcyUyME9yaWVudGFsZXMlMjIlMkMlMEElMjAlMjAlMjAlMjAlMjAlMjAlMjAlMjAlMEElMjAlMjAlMjAlMjAlMjAlMjAlMjAlMjAlMjAlMjJ1cmwlMjIlM0ElMjAlMjJodHRwcyUzQSUyRiUyRnd3dy5pbmV4dHJlbWlzLWF2ZW50dXJhLmZyJTJGY2ElMkZhY3Rpdml0YXRzJTJGYmFycmFucXVpc21lLWdvcmdlcy1kZS1nYWxhbXVzJTJGJTIyJTJDJTBBJTIwJTIwJTIwJTIwJTIwJTIwJTIwJTIwJTIycHJpY2UlMjIlM0ElMjAlMjI0OSUyMiUyQyUwQSUyMCUyMCUyMCUyMCUyMCUyMCUyMCUyMCUyMCUyMnByaWNlVmFsaWRVbnRpbCUyMiUzQSUyMjIwMjYlMkYxMiUyRjMxJTIyJTJDJTBBJTIwJTIwJTIwJTIwJTIwJTIwJTIwJTIwJTIycHJpY2VDdXJyZW5jeSUyMiUzQSUyMCUyMkVVUiUyMiUwQSUyMCUyMCUyMCUyMCU3RCUyQyUwQSUyMCUyMCUyMCUyMmF1dGhvciUyMiUzQSUyMCUwQSUyMCUyMCUyMCUyMCU3QiUwQSUyMCUyMCUyMCUyMCUyMCUyMCUyMiU0MHR5cGUlMjIlM0ElMjAlMjJwZXJzb24lMjIlMkMlMEElMjAlMjAlMjAlMjAlMjAlMjAlMjJhdXRob3IlMjIlM0ElMjAlMjJIZXJ2JUMzJUE5JTIyJTJDJTBBJTIwJTIwJTIwJTIwJTIwJTIwJTIyZGF0ZVB1Ymxpc2hlZCUyMiUzQSUyMCUyMjIwMTktMDgtMjclMjIlMkMlMEElMjAlMjAlMjAlMjAlMjAlMjAlMjJkZXNjcmlwdGlvbiUyMiUzQSUyMCUyMlVuJTIwbGxvYyUyMG1hZ24lQzMlQURmaWMlMkMlMjB1biUyMHBhc3NlaWclMjBhcXUlQzMlQTB0aWMlMjBwZXJmZWN0ZSUyMHBlciUyMGElMjBuZW5zLiUyMiUyQyUwQSUyMCUyMCUyMCUyMCUyMCUyMCUyMm5hbWUlMjIlM0ElMjAlMjJCYXJyYW5xdWlzbWUlMjBlbiUyMGZhbSVDMyVBRGxpYSUyMGElMjBTYWludCUyMFBhdWwlMjBkZSUyMEZlbm91aWxsZXQlMjBhbHMlMjBQaXJpbmV1cyUyME9yaWVudGFscyUyMiUyQyUwQSUyMCUyMCUyMCUyMCUyMCUyMCUyMnJldmlld1JhdGluZyUyMiUzQSUyMCU3QiUwQSUyMCUyMCUyMCUyMCUyMCUyMCUyMCUyMCUyMiU0MHR5cGUlMjIlM0ElMjAlMjJSYXRpbmclMjIlMkMlMEElMjAlMjAlMjAlMjAlMjAlMjAlMjAlMjAlMjJiZXN0UmF0aW5nJTIyJTNBJTIwJTIyNSUyMiUyQyUwQSUyMCUyMCUyMCUyMCUyMCUyMCUyMCUyMCUyMnJhdGluZ1ZhbHVlJTIyJTNBJTIwJTIyNC43JTIyJTJDJTBBJTIwJTIwJTIwJTIwJTIwJTIwJTIwJTIwJTIyd29yc3RSYXRpbmclMjIlM0ElMjAlMjI0LjYlMjIlMEElMjAlMjAlMjAlMjAlMjAlMjAlN0QlMEElN0QlN0QlMEElM0MlMkZzY3JpcHQlM0U=[\/vc_raw_js][\/vc_column][\/vc_row]<\/p>\n<\/div>","protected":false},"excerpt":{"rendered":"<p>[vc_row full_width=&#8221;stretch_row_content_no_spaces&#8221; content_placement=&#8221;middle&#8221; css=&#8221;.vc_custom_1669811282596{background-color: #fb2056 !important;}&#8221; el_class=&#8221;barre&#8221;][vc_column width=&#8221;1\/3&#8243; offset=&#8221;vc_hidden-md vc_hidden-sm vc_hidden-xs&#8221;][vc_column_text css=&#8221;.vc_custom_1673177552935{margin-left: 20px !important;}&#8221;] Contacta amb nosaltres ![\/vc_column_text][\/vc_column][vc_column width=&#8221;1\/3&#8243; offset=&#8221;vc_hidden-md vc_col-sm-offset-0 vc_hidden-sm vc_hidden-xs&#8221;][vc_column_text] 09 80 85 05 65[\/vc_column_text][\/vc_column][vc_column width=&#8221;1\/3&#8243;][vc_column_text css=&#8221;.vc_custom_1670693987954{margin-left: 20px !important;}&#8221;] 06 29 56 40 36[\/vc_column_text][\/vc_column][\/vc_row][vc_row row_type=&#8221;section&#8221; type=&#8221;full_width&#8221; text_align=&#8221;left&#8221; video=&#8221;&#8221; padding=&#8221;2&#8243; padding_top=&#8221;20&#8243; css=&#8221;.vc_custom_1637663688944{padding-top: 2px !important;padding-right: 2px !important;padding-bottom: 2px !important;padding-left: 2px !important;}&#8221;][vc_column][vc_column_text css=&#8221;&#8221;] Descobreix el [&hellip;]<\/p>\n","protected":false},"author":1,"featured_media":3261,"parent":0,"menu_order":0,"comment_status":"closed","ping_status":"closed","template":"","meta":{"_acf_changed":false,"_seopress_robots_primary_cat":"","_seopress_titles_title":"","_seopress_titles_desc":"","_seopress_robots_index":"","site-sidebar-layout":"no-sidebar","site-content-layout":"plain-container","ast-site-content-layout":"default","site-content-style":"default","site-sidebar-style":"default","ast-global-header-display":"","ast-banner-title-visibility":"","ast-main-header-display":"","ast-hfb-above-header-display":"","ast-hfb-below-header-display":"","ast-hfb-mobile-header-display":"","site-post-title":"disabled","ast-breadcrumbs-content":"","ast-featured-img":"disabled","footer-sml-layout":"","ast-disable-related-posts":"","theme-transparent-header-meta":"default","adv-header-id-meta":"","stick-header-meta":"default","header-above-stick-meta":"","header-main-stick-meta":"","header-below-stick-meta":"","astra-migrate-meta-layouts":"set","ast-page-background-enabled":"default","ast-page-background-meta":{"desktop":{"background-color":"var(--ast-global-color-4)","background-image":"","background-repeat":"repeat","background-position":"center center","background-size":"auto","background-attachment":"scroll","background-type":"","background-media":"","overlay-type":"","overlay-color":"","overlay-opacity":"","overlay-gradient":""},"tablet":{"background-color":"","background-image":"","background-repeat":"repeat","background-position":"center center","background-size":"auto","background-attachment":"scroll","background-type":"","background-media":"","overlay-type":"","overlay-color":"","overlay-opacity":"","overlay-gradient":""},"mobile":{"background-color":"","background-image":"","background-repeat":"repeat","background-position":"center center","background-size":"auto","background-attachment":"scroll","background-type":"","background-media":"","overlay-type":"","overlay-color":"","overlay-opacity":"","overlay-gradient":""}},"ast-content-background-meta":{"desktop":{"background-color":"var(--ast-global-color-5)","background-image":"","background-repeat":"repeat","background-position":"center center","background-size":"auto","background-attachment":"scroll","background-type":"","background-media":"","overlay-type":"","overlay-color":"","overlay-opacity":"","overlay-gradient":""},"tablet":{"background-color":"var(--ast-global-color-5)","background-image":"","background-repeat":"repeat","background-position":"center center","background-size":"auto","background-attachment":"scroll","background-type":"","background-media":"","overlay-type":"","overlay-color":"","overlay-opacity":"","overlay-gradient":""},"mobile":{"background-color":"var(--ast-global-color-5)","background-image":"","background-repeat":"repeat","background-position":"center center","background-size":"auto","background-attachment":"scroll","background-type":"","background-media":"","overlay-type":"","overlay-color":"","overlay-opacity":"","overlay-gradient":""}},"footnotes":""},"class_list":["post-4048","page","type-page","status-publish","has-post-thumbnail","hentry"],"acf":[],"_links":{"self":[{"href":"https:\/\/www.inextremis-aventura.fr\/ca\/wp-json\/wp\/v2\/pages\/4048","targetHints":{"allow":["GET"]}}],"collection":[{"href":"https:\/\/www.inextremis-aventura.fr\/ca\/wp-json\/wp\/v2\/pages"}],"about":[{"href":"https:\/\/www.inextremis-aventura.fr\/ca\/wp-json\/wp\/v2\/types\/page"}],"author":[{"embeddable":true,"href":"https:\/\/www.inextremis-aventura.fr\/ca\/wp-json\/wp\/v2\/users\/1"}],"replies":[{"embeddable":true,"href":"https:\/\/www.inextremis-aventura.fr\/ca\/wp-json\/wp\/v2\/comments?post=4048"}],"version-history":[{"count":4,"href":"https:\/\/www.inextremis-aventura.fr\/ca\/wp-json\/wp\/v2\/pages\/4048\/revisions"}],"predecessor-version":[{"id":5118,"href":"https:\/\/www.inextremis-aventura.fr\/ca\/wp-json\/wp\/v2\/pages\/4048\/revisions\/5118"}],"wp:featuredmedia":[{"embeddable":true,"href":"https:\/\/www.inextremis-aventura.fr\/ca\/wp-json\/wp\/v2\/media\/3261"}],"wp:attachment":[{"href":"https:\/\/www.inextremis-aventura.fr\/ca\/wp-json\/wp\/v2\/media?parent=4048"}],"curies":[{"name":"wp","href":"https:\/\/api.w.org\/{rel}","templated":true}]}}