{"id":4030,"date":"2025-10-03T11:55:52","date_gmt":"2025-10-03T11:55:52","guid":{"rendered":"https:\/\/www.inextremis-aventura.fr\/?page_id=4030"},"modified":"2025-11-24T14:51:00","modified_gmt":"2025-11-24T14:51:00","slug":"barranquisme-argelers-de-mar-pirineus-orientals","status":"publish","type":"page","link":"https:\/\/www.inextremis-aventura.fr\/ca\/barranquisme-argelers-de-mar-pirineus-orientals\/","title":{"rendered":"Barranquisme &#8211; Argelers de Mar &#8211; Pirineus Orientals"},"content":{"rendered":"<div class=\"wpb-content-wrapper\"><p>[vc_row full_width=&#8221;stretch_row_content_no_spaces&#8221; content_placement=&#8221;middle&#8221; css=&#8221;.vc_custom_1669811282596{background-color: #fb2056 !important;}&#8221; el_class=&#8221;barre&#8221;][vc_column width=&#8221;1\/3&#8243; offset=&#8221;vc_hidden-md vc_hidden-sm vc_hidden-xs&#8221;][vc_column_text css=&#8221;.vc_custom_1673177552935{margin-left: 20px !important;}&#8221;]<a href=\"https:\/\/www.inextremis-aventura.fr\/ca\/activitats\/barranquisme-gorg-de-les-anelles\/\"><strong><img loading=\"lazy\" decoding=\"async\" class=\"alignnone wp-image-8222\" src=\"https:\/\/www.inextremis-aventura.fr\/wp-content\/uploads\/2022\/12\/icone-mail.png\" alt=\"info@inextremis-aventura.com\" width=\"38\" height=\"25\" \/> Contacta amb nosaltres !<\/strong><\/a>[\/vc_column_text][\/vc_column][vc_column width=&#8221;1\/3&#8243; offset=&#8221;vc_hidden-md vc_col-sm-offset-0 vc_hidden-sm vc_hidden-xs&#8221;][vc_column_text css=&#8221;&#8221;]<strong><img loading=\"lazy\" decoding=\"async\" class=\"alignnone wp-image-8218\" src=\"https:\/\/www.inextremis-aventura.fr\/wp-content\/uploads\/2022\/12\/icone-tel.png\" alt=\"+33980850565\" width=\"25\" height=\"25\" \/> +33 980 850 565<\/strong>[\/vc_column_text][\/vc_column][vc_column width=&#8221;1\/3&#8243;][vc_column_text css=&#8221;.vc_custom_1755711085672{margin-left: 20px !important;}&#8221;]<strong><img loading=\"lazy\" decoding=\"async\" class=\"alignnone wp-image-8213\" src=\"https:\/\/www.inextremis-aventura.fr\/wp-content\/uploads\/2022\/12\/icone-mobile.png\" alt=\"+33629564036\" width=\"15\" height=\"25\" \/> +33 629 564 036<\/strong>[\/vc_column_text][\/vc_column][\/vc_row][vc_row row_type=&#8221;section&#8221; type=&#8221;full_width&#8221; text_align=&#8221;left&#8221; video=&#8221;&#8221; padding=&#8221;2&#8243; padding_top=&#8221;20&#8243; css=&#8221;.vc_custom_1637325127583{padding-top: 2px !important;padding-right: 2px !important;padding-bottom: 2px !important;padding-left: 2px !important;}&#8221;][vc_column][vc_column_text css=&#8221;&#8221; el_class=&#8221;sous-titres&#8221;]<\/p>\n<h2>Descobriu el barranquisme prop d&#8217;Argelers de Mar, a pocs quil\u00f2metres de les platges de la costa catalana dels Pirineus Orientals. A nom\u00e9s 28 km d&#8217;Argel\u00e8s sur Mer, oferim 2 canyons a C\u00e9ret: el Gourg des Anelles o les Cascades de Baoussous i un barranc familiar el Terme m\u00e9s baix a Am\u00e9lie les Bains obert a nens a partir de 8 anys.<\/h2>\n<p>[\/vc_column_text][vc_column_text]<\/p>\n<h3>Els canyons m\u00e9s propers a Argeles de Mar<\/h3>\n<p>A nom\u00e9s 40 minuts d&#8217;Argel\u00e8s sur Mer&#8230;<br \/>\nEl mass\u00eds del Canig\u00f3 i Alb\u00e8res ofereix multitud de zones infantils aqu\u00e0tics a prop del lloc on vius i permet intentar aquesta activitat durant mig dia. Per descobrir les nostres diferents sortides de barranquisme a C\u00e9ret, que s\u00f3n els barrancs m\u00e9s propers a Argel\u00e8s sur Mer. Consulta les diferents p\u00e0gines dels nostres barrancs o truca&#8217;ns, organitzarem la sortida de barranquisme adequada al teu nivell ja sigui al Baix Terme amb nens petits (8 anys) a Am\u00e9lie les Bains, al Barranc de Cascades de Baoussous (10 anys) o el Barranc del Gorg des Anelles (12 anys) a Ceret&#8230;[\/vc_column_text][\/vc_column][\/vc_row][vc_row][vc_column width=&#8221;1\/3&#8243;][vc_single_image image=&#8221;2790&#8243; img_size=&#8221;full&#8221; alignment=&#8221;center&#8221; css=&#8221;&#8221;][vc_column_text css=&#8221;&#8221;]<\/p>\n<h3>Barranquisme Fam\u00edlia Baix terme a Amelie les Bains<\/h3>\n<p>Descobriu el barranquisme amb la fam\u00edlia en forma de trekking aqu\u00e0tic a les Gorges du Terme i Mondony a Am\u00e9lie les Bains en companyia d&#8217;un guia instructor titulat franc\u00e8s. El trekking aqu\u00e0tic \u00e9s la manera de descobrir l&#8217;activitat de barranquisme en fam\u00edlia.<br \/>\nAquesta activitat no comporta cap dificultat major, excepte evolucionar en un riu i practicar salts tots evitables. Un total de 7 salts progressius amb opci\u00f3 a 8 m per als m\u00e9s atrevits i \u00e0gils. Un enorme tobogan de 15 m obre les gorges.<br \/>\nLa baixada es veu potenciada per la descoberta de la geologia i la fauna dels torrents de muntanya.<br \/>\nTamb\u00e9 aqu\u00ed, l&#8217;erosi\u00f3 de l&#8217;aigua dels rius Terme i Mondony ha fet la seva obra mestra conformant immensos blocs de granit i esquists en aquesta vall de caire mediterrani. A nom\u00e9s 40 minuts de les platges d&#8217;Argelers de Mar, Sant Cipria, Cotlliure i nom\u00e9s 1 hora de Canet Plages i Banyuls de Mar&#8230;.<\/p>\n<p>&nbsp;<\/p>\n<p style=\"text-align: center;\"><a class=\"myButton\" title=\"Barranquisme Fam\u00edlia Baix terme a Amelie les Bains\" href=\"https:\/\/www.inextremis-aventura.fr\/ca\/activitats\/barranc-gorges-del-terme-inferior\/\">+ detalls<\/a><\/p>\n<p>[\/vc_column_text][\/vc_column][vc_column width=&#8221;1\/3&#8243;][vc_single_image image=&#8221;2744&#8243; img_size=&#8221;full&#8221; alignment=&#8221;center&#8221; css=&#8221;&#8221;][vc_column_text css=&#8221;&#8221;]<\/p>\n<h3>Barranquisme Cascades de Baoussous a Ceret<\/h3>\n<p>Descobriu el barranquisme a Baoussous a C\u00e9ret en Vallespir als Pirineus Orientals en companyia d&#8217;un guia instructor de barrancs professional certificat franc\u00e8s.<br \/>\nDescobriu el barranquisme a Baoussous a C\u00e9ret en Vallespir als Pirineus Orientals en companyia d&#8217;un guia instructor de barrancs professional certificat franc\u00e8s.<br \/>\nQu\u00e8 millor que descobrir el barranquisme practicant-lo durant mig dia a les Gorges des Cascades de Baoussous de C\u00e9ret, als Pirineus Orientals del Vallespir, a pocs quil\u00f2metres de Perpiny\u00e0 i de les estacions mar\u00edtimes de Argelers de Mar&#8230;<br \/>\nAquest barranc, pel seu entorn, \u00e9s excepcional per la seva multitud de petits r\u00e0pels i tobogans de qu\u00e8 disposeu durant el seu descens.<br \/>\nPermet con\u00e8ixer el funcionament i l&#8217;\u00fas de cordes en cascada a les seves aig\u00fces tranquil\u00b7les.<br \/>\nAquest barranc sense gran cabal \u00e9s preferit durant la primavera i principis d&#8217;estiu quan el cabal ofereix un nivell de pr\u00e0ctica de qualitat.<\/p>\n<p>&nbsp;<\/p>\n<p style=\"text-align: center;\"><a class=\"myButton\" title=\"Barranquisme Cascades de Baoussous a Ceret\" href=\"https:\/\/www.inextremis-aventura.fr\/ca\/activitats\/barranc-cascades-de-baossos\/\">+ detalls<\/a><\/p>\n<p>[\/vc_column_text][\/vc_column][vc_column width=&#8221;1\/3&#8243;][vc_single_image image=&#8221;2099&#8243; img_size=&#8221;full&#8221; alignment=&#8221;center&#8221; css=&#8221;&#8221;][vc_column_text css=&#8221;&#8221;]<\/p>\n<h3>Barranquisme Gourg de les Anelles a Ceret<\/h3>\n<p>Descobriu el barranquisme al Gourg des Anelles de C\u00e9ret en Vallespir als Pirineus Orientals en companyia d&#8217;un guia instructor de barrancs professional certificat franc\u00e8s.<br \/>\nBaixada de barrancs en onades bombolles i tobogans lluents de les Anelles situats al mass\u00eds de les Alb\u00e8res a C\u00e9ret, als Pirineus Orientals (66), no lluny de Argelers de Mar, Sant Cipria, Cotlliure, Banyuls de Mer, Cerbere et les estations de la bora del mar.<br \/>\nSaltar al buit, aterrar en conques d&#8217;aigua.<br \/>\nEl Barranc de les Anelles \u00e9s un barranc d&#8217;iniciaci\u00f3 esportiva intermedi que compta amb salts que varien entre 4 i 7 metres, tobogans i dos salts d&#8217;aigua de 26 i 16 metres, i molts altres obstacles per superar.<br \/>\nDe nou, Inextremis Aventura t&#8217;ofereix un passaport per a l&#8217;assoliment esportiu segur.<br \/>\nUna aventura a l&#8217;abast de tothom&#8230;<\/p>\n<p>&nbsp;<\/p>\n<p style=\"text-align: center;\"><a class=\"myButton\" title=\"Barranquisme Gourg de les Anelles a Ceret\" href=\"https:\/\/www.inextremis-aventura.fr\/ca\/activitats\/barranquisme-gorg-de-les-anelles\/\">+ detalls<\/a><\/p>\n<p>[\/vc_column_text][\/vc_column][\/vc_row][vc_row el_class=&#8221;blanc&#8221; css=&#8221;.vc_custom_1637325136839{padding-top: 10px !important;padding-right: 10px !important;padding-bottom: 10px !important;padding-left: 10px !important;background-color: #0066bf !important;}&#8221;][vc_column][vc_column_text el_class=&#8221;blanc&#8221;]<\/p>\n<h3>Com van les nostres sortides de barranquisme ?<\/h3>\n<p><strong>Totes les nostres sortides de barranquisme de mig dia es realitzen al mat\u00ed a partir de les 8:30 o a primera hora de la tarda a les 3:00.<br \/>\nEquipament subministrat: vestit refor\u00e7at, casc, arn\u00e8s, cordes, mosquetons i descensor).<br \/>\nSubministrament gratu\u00eft de sabates (a partir de la talla 36).<br \/>\nEl transport al barranc des del punt de trobada es fa amb vehicle propi fins a l&#8217;aparcament de la sortida del can\u00f3 (generalment part baixa).<br \/>\nQuan \u00e9s possible, s&#8217;instal\u00b7la una transport en minib\u00fas fins a la part alta del barranc, que us estalvia una ascensi\u00f3 sovint molt f\u00edsica al final de l&#8217;activitat.<\/strong>[\/vc_column_text][\/vc_column][\/vc_row][vc_row][vc_column width=&#8221;1\/2&#8243;][vc_gallery interval=&#8221;3&#8243; images=&#8221;2592,2595&#8243; img_size=&#8221;full&#8221; css=&#8221;&#8221;][\/vc_column][vc_column width=&#8221;1\/2&#8243;][vc_column_text]<\/p>\n<h4><strong>Argel\u00e8s sur Mer en poques paraules&#8230;<\/strong><\/h4>\n<p>Als peus de la muntanya d&#8217;Alb\u00e8res, a les portes del Rossell\u00f3, a la vora del mar Mediterrani, es troba Argel\u00e8s sur Mer, una localitat mar\u00edtima coneguda per les seves immenses (7 km) i excepcionals platges de sorra fina, 3 quil\u00f2metres de costa rocosa. , una localitat mar\u00edtima que es beneficia de la bandera blava per les seves platges i el seu port esportiu.<br \/>\n<strong>Per veure :<\/strong><br \/>\n\u2013 dues reserves naturals : la del <strong>Mas Larrieu<\/strong> a la vora del mar i la del <strong>bosc de la Massana<\/strong> al cor dels Alb\u00e8res<br \/>\n\u2013 La Casa des Alb\u00e8res<br \/>\n\u2013 El Museu d&#8217;Arts i Tradicions Populars<br \/>\n\u2013 Les torrres Pujol (XII\u00e8me si\u00e8cle) i de la Massana (XIII\u00e8me si\u00e8cle)<br \/>\n\u2013 El parc del Casteil de Valmy.[\/vc_column_text][\/vc_column][\/vc_row]<\/p>\n<\/div>","protected":false},"excerpt":{"rendered":"<p>[vc_row full_width=&#8221;stretch_row_content_no_spaces&#8221; content_placement=&#8221;middle&#8221; css=&#8221;.vc_custom_1669811282596{background-color: #fb2056 !important;}&#8221; el_class=&#8221;barre&#8221;][vc_column width=&#8221;1\/3&#8243; offset=&#8221;vc_hidden-md vc_hidden-sm vc_hidden-xs&#8221;][vc_column_text css=&#8221;.vc_custom_1673177552935{margin-left: 20px !important;}&#8221;] Contacta amb nosaltres ![\/vc_column_text][\/vc_column][vc_column width=&#8221;1\/3&#8243; offset=&#8221;vc_hidden-md vc_col-sm-offset-0 vc_hidden-sm vc_hidden-xs&#8221;][vc_column_text css=&#8221;&#8221;] +33 980 850 565[\/vc_column_text][\/vc_column][vc_column width=&#8221;1\/3&#8243;][vc_column_text css=&#8221;.vc_custom_1755711085672{margin-left: 20px !important;}&#8221;] +33 629 564 036[\/vc_column_text][\/vc_column][\/vc_row][vc_row row_type=&#8221;section&#8221; type=&#8221;full_width&#8221; text_align=&#8221;left&#8221; video=&#8221;&#8221; padding=&#8221;2&#8243; padding_top=&#8221;20&#8243; css=&#8221;.vc_custom_1637325127583{padding-top: 2px !important;padding-right: 2px !important;padding-bottom: 2px !important;padding-left: 2px !important;}&#8221;][vc_column][vc_column_text css=&#8221;&#8221; el_class=&#8221;sous-titres&#8221;] Descobriu el [&hellip;]<\/p>\n","protected":false},"author":1,"featured_media":2692,"parent":0,"menu_order":0,"comment_status":"closed","ping_status":"closed","template":"","meta":{"_acf_changed":false,"_seopress_robots_primary_cat":"","_seopress_titles_title":"","_seopress_titles_desc":"","_seopress_robots_index":"","site-sidebar-layout":"no-sidebar","site-content-layout":"plain-container","ast-site-content-layout":"default","site-content-style":"default","site-sidebar-style":"default","ast-global-header-display":"","ast-banner-title-visibility":"","ast-main-header-display":"","ast-hfb-above-header-display":"","ast-hfb-below-header-display":"","ast-hfb-mobile-header-display":"","site-post-title":"disabled","ast-breadcrumbs-content":"","ast-featured-img":"disabled","footer-sml-layout":"","ast-disable-related-posts":"","theme-transparent-header-meta":"default","adv-header-id-meta":"","stick-header-meta":"default","header-above-stick-meta":"","header-main-stick-meta":"","header-below-stick-meta":"","astra-migrate-meta-layouts":"set","ast-page-background-enabled":"default","ast-page-background-meta":{"desktop":{"background-color":"var(--ast-global-color-4)","background-image":"","background-repeat":"repeat","background-position":"center center","background-size":"auto","background-attachment":"scroll","background-type":"","background-media":"","overlay-type":"","overlay-color":"","overlay-opacity":"","overlay-gradient":""},"tablet":{"background-color":"","background-image":"","background-repeat":"repeat","background-position":"center center","background-size":"auto","background-attachment":"scroll","background-type":"","background-media":"","overlay-type":"","overlay-color":"","overlay-opacity":"","overlay-gradient":""},"mobile":{"background-color":"","background-image":"","background-repeat":"repeat","background-position":"center center","background-size":"auto","background-attachment":"scroll","background-type":"","background-media":"","overlay-type":"","overlay-color":"","overlay-opacity":"","overlay-gradient":""}},"ast-content-background-meta":{"desktop":{"background-color":"var(--ast-global-color-5)","background-image":"","background-repeat":"repeat","background-position":"center center","background-size":"auto","background-attachment":"scroll","background-type":"","background-media":"","overlay-type":"","overlay-color":"","overlay-opacity":"","overlay-gradient":""},"tablet":{"background-color":"var(--ast-global-color-5)","background-image":"","background-repeat":"repeat","background-position":"center center","background-size":"auto","background-attachment":"scroll","background-type":"","background-media":"","overlay-type":"","overlay-color":"","overlay-opacity":"","overlay-gradient":""},"mobile":{"background-color":"var(--ast-global-color-5)","background-image":"","background-repeat":"repeat","background-position":"center center","background-size":"auto","background-attachment":"scroll","background-type":"","background-media":"","overlay-type":"","overlay-color":"","overlay-opacity":"","overlay-gradient":""}},"footnotes":""},"class_list":["post-4030","page","type-page","status-publish","has-post-thumbnail","hentry"],"acf":[],"_links":{"self":[{"href":"https:\/\/www.inextremis-aventura.fr\/ca\/wp-json\/wp\/v2\/pages\/4030","targetHints":{"allow":["GET"]}}],"collection":[{"href":"https:\/\/www.inextremis-aventura.fr\/ca\/wp-json\/wp\/v2\/pages"}],"about":[{"href":"https:\/\/www.inextremis-aventura.fr\/ca\/wp-json\/wp\/v2\/types\/page"}],"author":[{"embeddable":true,"href":"https:\/\/www.inextremis-aventura.fr\/ca\/wp-json\/wp\/v2\/users\/1"}],"replies":[{"embeddable":true,"href":"https:\/\/www.inextremis-aventura.fr\/ca\/wp-json\/wp\/v2\/comments?post=4030"}],"version-history":[{"count":3,"href":"https:\/\/www.inextremis-aventura.fr\/ca\/wp-json\/wp\/v2\/pages\/4030\/revisions"}],"predecessor-version":[{"id":5126,"href":"https:\/\/www.inextremis-aventura.fr\/ca\/wp-json\/wp\/v2\/pages\/4030\/revisions\/5126"}],"wp:featuredmedia":[{"embeddable":true,"href":"https:\/\/www.inextremis-aventura.fr\/ca\/wp-json\/wp\/v2\/media\/2692"}],"wp:attachment":[{"href":"https:\/\/www.inextremis-aventura.fr\/ca\/wp-json\/wp\/v2\/media?parent=4030"}],"curies":[{"name":"wp","href":"https:\/\/api.w.org\/{rel}","templated":true}]}}